{"id":6585,"date":"2024-06-26T15:40:52","date_gmt":"2024-06-26T15:40:52","guid":{"rendered":"https:\/\/institutodependencia.edu.es\/?post_type=product&#038;p=6585"},"modified":"2024-12-03T11:41:43","modified_gmt":"2024-12-03T11:41:43","slug":"manejo-de-infecciones-en-residencias","status":"publish","type":"product","link":"https:\/\/institutodependencia.edu.es\/pt\/product\/manejo-de-infecciones-en-residencias\/","title":{"rendered":"Manejo de infec\u00e7\u00f5es em resid\u00eancias"},"content":{"rendered":"<p>As infe\u00e7\u00f5es em idosos institucionalizados s\u00e3o uma preocupa\u00e7\u00e3o frequente devido \u00e0 maior suscetibilidade deste grupo. Estas infec\u00e7\u00f5es n\u00e3o s\u00e3o apenas comuns, mas tamb\u00e9m t\u00eam significado cl\u00ednico significativo, sendo uma das principais causas de transfer\u00eancia para o hospital. Al\u00e9m disso, est\u00e3o associados a maior mortalidade, readmiss\u00f5es frequentes e elevados custos de sa\u00fade. Este curso foi concebido para fornecer uma compreens\u00e3o abrangente das infec\u00e7\u00f5es em pessoas idosas em ambientes institucionalizados, explorando as raz\u00f5es do seu aumento de susceptibilidade, identificando as infec\u00e7\u00f5es mais comuns e analisando as suas consequ\u00eancias cl\u00ednicas e econ\u00f3micas. Os participantes aprender\u00e3o estrat\u00e9gias eficazes para preven\u00e7\u00e3o e controle de infec\u00e7\u00f5es, incluindo pr\u00e1ticas de higiene, vacina\u00e7\u00e3o, uso adequado de antibi\u00f3ticos e medidas de controle ambiental. Ser\u00e3o tamb\u00e9m abordadas as compet\u00eancias necess\u00e1rias para a identifica\u00e7\u00e3o precoce e gest\u00e3o adequada de infec\u00e7\u00f5es, destacando a import\u00e2ncia de uma abordagem interdisciplinar e da implementa\u00e7\u00e3o de pol\u00edticas e protocolos espec\u00edficos para ambientes institucionalizados.<\/p>","protected":false},"excerpt":{"rendered":"<p>As infec\u00e7\u00f5es em idosos institucionalizados s\u00e3o frequentes devido \u00e0 maior suscetibilidade deste grupo. T\u00eam tamb\u00e9m significado a n\u00edvel cl\u00ednico por serem uma das principais causas de transfer\u00eancia para o hospital e pela sua associa\u00e7\u00e3o com maior mortalidade, readmiss\u00f5es e despesas de sa\u00fade.<\/p>","protected":false},"featured_media":6587,"comment_status":"open","ping_status":"closed","template":"","meta":{"_jf_limit_responses":"","codigo-producto":"2066-A","costo-gestion":"13.61"},"product_brand":[],"product_cat":[15],"product_tag":[],"class_list":{"0":"post-6585","1":"product","2":"type-product","3":"status-publish","4":"has-post-thumbnail","6":"product_cat-uncategorized","8":"first","9":"instock","10":"shipping-taxable","11":"purchasable","12":"product-type-simple"},"_links":{"self":[{"href":"https:\/\/institutodependencia.edu.es\/pt\/wp-json\/wp\/v2\/product\/6585","targetHints":{"allow":["GET"]}}],"collection":[{"href":"https:\/\/institutodependencia.edu.es\/pt\/wp-json\/wp\/v2\/product"}],"about":[{"href":"https:\/\/institutodependencia.edu.es\/pt\/wp-json\/wp\/v2\/types\/product"}],"replies":[{"embeddable":true,"href":"https:\/\/institutodependencia.edu.es\/pt\/wp-json\/wp\/v2\/comments?post=6585"}],"version-history":[{"count":1,"href":"https:\/\/institutodependencia.edu.es\/pt\/wp-json\/wp\/v2\/product\/6585\/revisions"}],"predecessor-version":[{"id":6586,"href":"https:\/\/institutodependencia.edu.es\/pt\/wp-json\/wp\/v2\/product\/6585\/revisions\/6586"}],"wp:featuredmedia":[{"embeddable":true,"href":"https:\/\/institutodependencia.edu.es\/pt\/wp-json\/wp\/v2\/media\/6587"}],"wp:attachment":[{"href":"https:\/\/institutodependencia.edu.es\/pt\/wp-json\/wp\/v2\/media?parent=6585"}],"wp:term":[{"taxonomy":"product_brand","embeddable":true,"href":"https:\/\/institutodependencia.edu.es\/pt\/wp-json\/wp\/v2\/product_brand?post=6585"},{"taxonomy":"product_cat","embeddable":true,"href":"https:\/\/institutodependencia.edu.es\/pt\/wp-json\/wp\/v2\/product_cat?post=6585"},{"taxonomy":"product_tag","embeddable":true,"href":"https:\/\/institutodependencia.edu.es\/pt\/wp-json\/wp\/v2\/product_tag?post=6585"}],"curies":[{"name":"wp","href":"https:\/\/api.w.org\/{rel}","templated":true}]}}