{"id":6543,"date":"2024-06-25T13:28:27","date_gmt":"2024-06-25T13:28:27","guid":{"rendered":"https:\/\/institutodependencia.edu.es\/?post_type=product&#038;p=6543"},"modified":"2024-07-29T11:07:15","modified_gmt":"2024-07-29T11:07:15","slug":"farmacologia-basica","status":"publish","type":"product","link":"https:\/\/institutodependencia.edu.es\/pt\/product\/farmacologia-basica\/","title":{"rendered":"Farmacologia b\u00e1sica"},"content":{"rendered":"<p>La farmacolog\u00eda es la ciencia que estudia las acciones y propiedades de los f\u00e1rmacos en el organismo. Es una disciplina fundamental para la pr\u00e1ctica cl\u00ednica, crucial para administrar medicamentos de manera segura, monitorear efectos adversos, educar a los pacientes y optimizar tratamientos. Para los enfermeros, aunque pueda parecer una asignatura exigente y compleja, su comprensi\u00f3n profunda es vital en el ejercicio profesional diario, mejorando significativamente la calidad del cuidado del paciente.<\/p>\n<p>Nuestro curso de Farmacolog\u00eda est\u00e1 dise\u00f1ado para proporcionar una comprensi\u00f3n pr\u00e1ctica y detallada de los principios farmacol\u00f3gicos, con contenido actualizado, estudios de caso y simulaciones. A trav\u00e9s de la instrucci\u00f3n de expertos y opciones de aprendizaje flexibles, este curso te permitir\u00e1 aplicar el conocimiento te\u00f3rico en la pr\u00e1ctica cl\u00ednica real, fortaleciendo tus habilidades y mejorando tu perfil profesional. Inscr\u00edbete ahora y adquiere las competencias necesarias para elevar la calidad de tu pr\u00e1ctica diaria.<\/p>","protected":false},"excerpt":{"rendered":"<p>Farmacologia \u00e9 a ci\u00eancia que estuda as a\u00e7\u00f5es e propriedades dos medicamentos no organismo. \u00c9 considerada, entre as ci\u00eancias m\u00e9dicas, uma disciplina b\u00e1sica da cl\u00ednica, ou seja, \u00e9 fundamental relacionar a informa\u00e7\u00e3o farmacol\u00f3gica com a cl\u00ednica.<br \/>\nPara a enfermagem sempre foi um assunto exigente e complicado. Al\u00e9m de estar muito envolvido no trabalho m\u00e9dico. Por\u00e9m, ao se deparar com o cotidiano da enfermagem, voc\u00ea percebe que \u00e9 um assunto muito importante e que colocamos em pr\u00e1tica diariamente.<\/p>","protected":false},"featured_media":6545,"comment_status":"open","ping_status":"closed","template":"","meta":{"_jf_limit_responses":"","codigo-producto":"2172-A","costo-gestion":"13.61"},"product_brand":[],"product_cat":[15],"product_tag":[],"class_list":{"0":"post-6543","1":"product","2":"type-product","3":"status-publish","4":"has-post-thumbnail","6":"product_cat-uncategorized","8":"first","9":"instock","10":"shipping-taxable","11":"purchasable","12":"product-type-simple"},"_links":{"self":[{"href":"https:\/\/institutodependencia.edu.es\/pt\/wp-json\/wp\/v2\/product\/6543","targetHints":{"allow":["GET"]}}],"collection":[{"href":"https:\/\/institutodependencia.edu.es\/pt\/wp-json\/wp\/v2\/product"}],"about":[{"href":"https:\/\/institutodependencia.edu.es\/pt\/wp-json\/wp\/v2\/types\/product"}],"replies":[{"embeddable":true,"href":"https:\/\/institutodependencia.edu.es\/pt\/wp-json\/wp\/v2\/comments?post=6543"}],"version-history":[{"count":2,"href":"https:\/\/institutodependencia.edu.es\/pt\/wp-json\/wp\/v2\/product\/6543\/revisions"}],"predecessor-version":[{"id":6547,"href":"https:\/\/institutodependencia.edu.es\/pt\/wp-json\/wp\/v2\/product\/6543\/revisions\/6547"}],"wp:featuredmedia":[{"embeddable":true,"href":"https:\/\/institutodependencia.edu.es\/pt\/wp-json\/wp\/v2\/media\/6545"}],"wp:attachment":[{"href":"https:\/\/institutodependencia.edu.es\/pt\/wp-json\/wp\/v2\/media?parent=6543"}],"wp:term":[{"taxonomy":"product_brand","embeddable":true,"href":"https:\/\/institutodependencia.edu.es\/pt\/wp-json\/wp\/v2\/product_brand?post=6543"},{"taxonomy":"product_cat","embeddable":true,"href":"https:\/\/institutodependencia.edu.es\/pt\/wp-json\/wp\/v2\/product_cat?post=6543"},{"taxonomy":"product_tag","embeddable":true,"href":"https:\/\/institutodependencia.edu.es\/pt\/wp-json\/wp\/v2\/product_tag?post=6543"}],"curies":[{"name":"wp","href":"https:\/\/api.w.org\/{rel}","templated":true}]}}