{"id":6475,"date":"2024-06-20T12:03:15","date_gmt":"2024-06-20T12:03:15","guid":{"rendered":"https:\/\/institutodependencia.edu.es\/?post_type=product&#038;p=6475"},"modified":"2025-07-23T08:56:24","modified_gmt":"2025-07-23T08:56:24","slug":"elaboracion-de-textos-en-lectura-facil","status":"publish","type":"product","link":"https:\/\/institutodependencia.edu.es\/pt\/product\/elaboracion-de-textos-en-lectura-facil\/","title":{"rendered":"Prepara\u00e7\u00e3o de textos de f\u00e1cil leitura"},"content":{"rendered":"<p>A leitura f\u00e1cil \u00e9 uma ferramenta essencial para garantir o acesso \u00e0 informa\u00e7\u00e3o para pessoas com dificuldades de compreens\u00e3o leitora. Esta metodologia baseia-se na simplifica\u00e7\u00e3o da linguagem, na utiliza\u00e7\u00e3o de frases curtas, vocabul\u00e1rio simples e numa estrutura clara, com o objetivo de facilitar a compreens\u00e3o. Nos \u00faltimos anos, a sua utiliza\u00e7\u00e3o expandiu-se significativamente como uma solu\u00e7\u00e3o eficaz que promove a participa\u00e7\u00e3o ativa e o prazer da leitura para diversos p\u00fablicos. Isto inclui pessoas com defici\u00eancia intelectual, idosos e qualquer pessoa que, por diversas raz\u00f5es, possa ter dificuldade em compreender textos complexos.<\/p>\n<p>Para m\u00e1s informaci\u00f3n visita este enlace: <a href=\"https:\/\/institutodependencia.edu.es\/pt\/la-importancia-de-la-lectura-facil\/\" target=\"_blank\" rel=\"noopener\"><strong>https:\/\/institutodependencia.edu.es\/la-importancia-de-la-lectura-facil\/<\/strong><\/a><\/p>","protected":false},"excerpt":{"rendered":"<p>A leitura f\u00e1cil \u00e9 uma ferramenta de acesso \u00e0 informa\u00e7\u00e3o para pessoas com dificuldades de compreens\u00e3o de leitura. Seu uso se difundiu nos \u00faltimos anos como uma solu\u00e7\u00e3o que permite a participa\u00e7\u00e3o e o prazer da leitura para p\u00fablicos, como pessoas com defici\u00eancia intelectual e\/ou de desenvolvimento.<\/p>\n<p><img decoding=\"async\" class=\"alignnone size-medium wp-image-6489\" src=\"http:\/\/institutodependencia.edu.es\/wp-content\/uploads\/2024\/06\/PIMadrid_color-300x151.jpg\" alt=\"\" width=\"300\" height=\"151\" srcset=\"https:\/\/institutodependencia.edu.es\/wp-content\/uploads\/2024\/06\/PIMadrid_color-300x151.jpg 300w, https:\/\/institutodependencia.edu.es\/wp-content\/uploads\/2024\/06\/PIMadrid_color-1024x517.jpg 1024w, https:\/\/institutodependencia.edu.es\/wp-content\/uploads\/2024\/06\/PIMadrid_color-768x387.jpg 768w, https:\/\/institutodependencia.edu.es\/wp-content\/uploads\/2024\/06\/PIMadrid_color-1536x775.jpg 1536w, https:\/\/institutodependencia.edu.es\/wp-content\/uploads\/2024\/06\/PIMadrid_color-18x9.jpg 18w, https:\/\/institutodependencia.edu.es\/wp-content\/uploads\/2024\/06\/PIMadrid_color-1320x666.jpg 1320w, https:\/\/institutodependencia.edu.es\/wp-content\/uploads\/2024\/06\/PIMadrid_color-600x303.jpg 600w, https:\/\/institutodependencia.edu.es\/wp-content\/uploads\/2024\/06\/PIMadrid_color-64x32.jpg 64w, https:\/\/institutodependencia.edu.es\/wp-content\/uploads\/2024\/06\/PIMadrid_color.jpg 1542w\" sizes=\"(max-width: 300px) 100vw, 300px\" \/><\/p>","protected":false},"featured_media":6491,"comment_status":"open","ping_status":"closed","template":"","meta":{"_jf_limit_responses":"","codigo-producto":"2275-A","costo-gestion":"14.52"},"product_brand":[],"product_cat":[15],"product_tag":[],"class_list":{"0":"post-6475","1":"product","2":"type-product","3":"status-publish","4":"has-post-thumbnail","6":"product_cat-uncategorized","8":"first","9":"instock","10":"shipping-taxable","11":"purchasable","12":"product-type-simple"},"_links":{"self":[{"href":"https:\/\/institutodependencia.edu.es\/pt\/wp-json\/wp\/v2\/product\/6475","targetHints":{"allow":["GET"]}}],"collection":[{"href":"https:\/\/institutodependencia.edu.es\/pt\/wp-json\/wp\/v2\/product"}],"about":[{"href":"https:\/\/institutodependencia.edu.es\/pt\/wp-json\/wp\/v2\/types\/product"}],"replies":[{"embeddable":true,"href":"https:\/\/institutodependencia.edu.es\/pt\/wp-json\/wp\/v2\/comments?post=6475"}],"version-history":[{"count":14,"href":"https:\/\/institutodependencia.edu.es\/pt\/wp-json\/wp\/v2\/product\/6475\/revisions"}],"predecessor-version":[{"id":6492,"href":"https:\/\/institutodependencia.edu.es\/pt\/wp-json\/wp\/v2\/product\/6475\/revisions\/6492"}],"wp:featuredmedia":[{"embeddable":true,"href":"https:\/\/institutodependencia.edu.es\/pt\/wp-json\/wp\/v2\/media\/6491"}],"wp:attachment":[{"href":"https:\/\/institutodependencia.edu.es\/pt\/wp-json\/wp\/v2\/media?parent=6475"}],"wp:term":[{"taxonomy":"product_brand","embeddable":true,"href":"https:\/\/institutodependencia.edu.es\/pt\/wp-json\/wp\/v2\/product_brand?post=6475"},{"taxonomy":"product_cat","embeddable":true,"href":"https:\/\/institutodependencia.edu.es\/pt\/wp-json\/wp\/v2\/product_cat?post=6475"},{"taxonomy":"product_tag","embeddable":true,"href":"https:\/\/institutodependencia.edu.es\/pt\/wp-json\/wp\/v2\/product_tag?post=6475"}],"curies":[{"name":"wp","href":"https:\/\/api.w.org\/{rel}","templated":true}]}}