{"id":6446,"date":"2024-06-13T08:07:15","date_gmt":"2024-06-13T08:07:15","guid":{"rendered":"https:\/\/institutodependencia.edu.es\/?post_type=product&#038;p=6446"},"modified":"2025-10-30T11:23:24","modified_gmt":"2025-10-30T11:23:24","slug":"microsoft-office-ms-excel-intermedio-avanzado","status":"publish","type":"product","link":"https:\/\/institutodependencia.edu.es\/pt\/product\/microsoft-office-ms-excel-intermedio-avanzado\/","title":{"rendered":"Microsoft Office \u2013 Ms Excel Intermedi\u00e1rio-Avan\u00e7ado"},"content":{"rendered":"","protected":false},"excerpt":{"rendered":"<p>Este curso foi desenvolvido para aprimorar e expandir suas habilidades no Microsoft Excel. De fun\u00e7\u00f5es intermedi\u00e1rias a ferramentas avan\u00e7adas, este curso ir\u00e1 gui\u00e1-lo pelos recursos mais poderosos do Excel.<\/p>\n<p>Voc\u00ea aprender\u00e1 como gerenciar e analisar dados complexos, criar relat\u00f3rios din\u00e2micos, automatizar tarefas com macros e muito mais. Tudo isso ao mesmo tempo em que desenvolve a confian\u00e7a necess\u00e1ria para usar o Excel de maneira avan\u00e7ada em sua vida pessoal e profissional.<\/p>","protected":false},"featured_media":6447,"comment_status":"open","ping_status":"closed","template":"","meta":{"_jf_limit_responses":"","codigo-producto":"176-D","costo-gestion":"18.15"},"product_brand":[],"product_cat":[15],"product_tag":[],"class_list":{"0":"post-6446","1":"product","2":"type-product","3":"status-publish","4":"has-post-thumbnail","6":"product_cat-uncategorized","8":"first","9":"instock","10":"shipping-taxable","11":"purchasable","12":"product-type-simple"},"_links":{"self":[{"href":"https:\/\/institutodependencia.edu.es\/pt\/wp-json\/wp\/v2\/product\/6446","targetHints":{"allow":["GET"]}}],"collection":[{"href":"https:\/\/institutodependencia.edu.es\/pt\/wp-json\/wp\/v2\/product"}],"about":[{"href":"https:\/\/institutodependencia.edu.es\/pt\/wp-json\/wp\/v2\/types\/product"}],"replies":[{"embeddable":true,"href":"https:\/\/institutodependencia.edu.es\/pt\/wp-json\/wp\/v2\/comments?post=6446"}],"version-history":[{"count":2,"href":"https:\/\/institutodependencia.edu.es\/pt\/wp-json\/wp\/v2\/product\/6446\/revisions"}],"predecessor-version":[{"id":7164,"href":"https:\/\/institutodependencia.edu.es\/pt\/wp-json\/wp\/v2\/product\/6446\/revisions\/7164"}],"wp:featuredmedia":[{"embeddable":true,"href":"https:\/\/institutodependencia.edu.es\/pt\/wp-json\/wp\/v2\/media\/6447"}],"wp:attachment":[{"href":"https:\/\/institutodependencia.edu.es\/pt\/wp-json\/wp\/v2\/media?parent=6446"}],"wp:term":[{"taxonomy":"product_brand","embeddable":true,"href":"https:\/\/institutodependencia.edu.es\/pt\/wp-json\/wp\/v2\/product_brand?post=6446"},{"taxonomy":"product_cat","embeddable":true,"href":"https:\/\/institutodependencia.edu.es\/pt\/wp-json\/wp\/v2\/product_cat?post=6446"},{"taxonomy":"product_tag","embeddable":true,"href":"https:\/\/institutodependencia.edu.es\/pt\/wp-json\/wp\/v2\/product_tag?post=6446"}],"curies":[{"name":"wp","href":"https:\/\/api.w.org\/{rel}","templated":true}]}}