{"id":6436,"date":"2024-06-11T14:52:58","date_gmt":"2024-06-11T14:52:58","guid":{"rendered":"https:\/\/institutodependencia.edu.es\/?post_type=product&#038;p=6436"},"modified":"2025-03-18T10:10:49","modified_gmt":"2025-03-18T10:10:49","slug":"competencias-clave-para-la-coordinacion-de-equipos-sociosanitarios","status":"publish","type":"product","link":"https:\/\/institutodependencia.edu.es\/pt\/product\/competencias-clave-para-la-coordinacion-de-equipos-sociosanitarios\/","title":{"rendered":"Compet\u00eancias-chave para a coordena\u00e7\u00e3o de equipes sociais e de sa\u00fade"},"content":{"rendered":"<p>Descubre la clave para potenciar tu liderazgo en el \u00e1mbito sociosanitario con nuestro curso \u00abCompetencias Clave para la Coordinaci\u00f3n de Equipos Sociosanitarios\u00bb<br \/>\nTe sumergir\u00e1s en el significado de humanizar la coordinaci\u00f3n de equipos, desafiando y desaprendiendo estilos relacionales que pueden obstaculizar el rendimiento. Explorar\u00e1s el concepto de humanizaci\u00f3n, comprendiendo la misi\u00f3n fundamental del coordinador de equipos y evaluando c\u00f3mo tu propio estilo relacional impacta en las personas que lideras.<\/p>\n<p>Este curso te equipar\u00e1 con herramientas para conocer a fondo a tu equipo, realizando un diagn\u00f3stico preciso de las personas en el grupo. Descubrir\u00e1s diferentes tipos de relaciones y aprender\u00e1s pautas efectivas para mejorar la colaboraci\u00f3n y el desempe\u00f1o del equipo.<\/p>\n<p>Te centrar\u00e1s en potenciar tus habilidades de comunicaci\u00f3n y coordinaci\u00f3n, desglosando competencias clave y elementos centrales para una comunicaci\u00f3n efectiva. Explorar\u00e1s diversos estilos de acompa\u00f1amiento para adaptarte a las necesidades espec\u00edficas de tu equipo.<\/p>\n<p>En este curso descubrir\u00e1s a su vez, c\u00f3mo aprovechar el conflicto como una oportunidad de crecimiento. Analizar\u00e1s las disparidades de criterios y los motivos del conflicto, adquiriendo estrategias pr\u00e1cticas para lograr un clima laboral \u00f3ptimo y fortalecer la cohesi\u00f3n del equipo.<br \/>\n\u00a1Inscr\u00edbete ahora y perfecciona tus competencias para liderar equipos sociosanitarios con \u00e9xito!<\/p>","protected":false},"excerpt":{"rendered":"<p>\u00a1Potencia tu liderazgo sociosanitario con el curso \u00abCompetencias Clave para la Coordinaci\u00f3n de Equipos Sociosanitarios\u00bb! Aprende a humanizar la coordinaci\u00f3n, mejorar la comunicaci\u00f3n y el desempe\u00f1o del equipo, y aprovechar los conflictos como oportunidades de crecimiento. Inscr\u00edbete ahora y transforma tu forma de liderar.<\/p>\n<p>&nbsp;<\/p>","protected":false},"featured_media":6438,"comment_status":"open","ping_status":"closed","template":"","meta":{"_jf_limit_responses":"","codigo-producto":"2210 A","costo-gestion":"9.08"},"product_brand":[],"product_cat":[15],"product_tag":[],"class_list":{"0":"post-6436","1":"product","2":"type-product","3":"status-publish","4":"has-post-thumbnail","6":"product_cat-uncategorized","8":"first","9":"instock","10":"shipping-taxable","11":"purchasable","12":"product-type-simple"},"_links":{"self":[{"href":"https:\/\/institutodependencia.edu.es\/pt\/wp-json\/wp\/v2\/product\/6436","targetHints":{"allow":["GET"]}}],"collection":[{"href":"https:\/\/institutodependencia.edu.es\/pt\/wp-json\/wp\/v2\/product"}],"about":[{"href":"https:\/\/institutodependencia.edu.es\/pt\/wp-json\/wp\/v2\/types\/product"}],"replies":[{"embeddable":true,"href":"https:\/\/institutodependencia.edu.es\/pt\/wp-json\/wp\/v2\/comments?post=6436"}],"version-history":[{"count":4,"href":"https:\/\/institutodependencia.edu.es\/pt\/wp-json\/wp\/v2\/product\/6436\/revisions"}],"predecessor-version":[{"id":6439,"href":"https:\/\/institutodependencia.edu.es\/pt\/wp-json\/wp\/v2\/product\/6436\/revisions\/6439"}],"wp:featuredmedia":[{"embeddable":true,"href":"https:\/\/institutodependencia.edu.es\/pt\/wp-json\/wp\/v2\/media\/6438"}],"wp:attachment":[{"href":"https:\/\/institutodependencia.edu.es\/pt\/wp-json\/wp\/v2\/media?parent=6436"}],"wp:term":[{"taxonomy":"product_brand","embeddable":true,"href":"https:\/\/institutodependencia.edu.es\/pt\/wp-json\/wp\/v2\/product_brand?post=6436"},{"taxonomy":"product_cat","embeddable":true,"href":"https:\/\/institutodependencia.edu.es\/pt\/wp-json\/wp\/v2\/product_cat?post=6436"},{"taxonomy":"product_tag","embeddable":true,"href":"https:\/\/institutodependencia.edu.es\/pt\/wp-json\/wp\/v2\/product_tag?post=6436"}],"curies":[{"name":"wp","href":"https:\/\/api.w.org\/{rel}","templated":true}]}}