{"id":6325,"date":"2024-06-03T08:51:11","date_gmt":"2024-06-03T08:51:11","guid":{"rendered":"https:\/\/institutodependencia.edu.es\/?post_type=product&#038;p=6325"},"modified":"2025-11-25T10:41:14","modified_gmt":"2025-11-25T10:41:14","slug":"reduccion-de-sujeciones-en-centros-residenciales","status":"publish","type":"product","link":"https:\/\/institutodependencia.edu.es\/pt\/product\/reduccion-de-sujeciones-en-centros-residenciales\/","title":{"rendered":"Redu\u00e7\u00e3o de restri\u00e7\u00f5es em centros residenciais"},"content":{"rendered":"<p>Exploraremos exaustivamente os conceitos em torno do uso de restri\u00e7\u00f5es, abordando os fatores de risco e promovendo uma necess\u00e1ria mudan\u00e7a de paradigma. Faremos uma abordagem epidemiol\u00f3gica, destacando os efeitos negativos e benef\u00edcios da mobilidade, ao mesmo tempo que desmistificamos os aspectos culturais e as atitudes em torno do uso de restri\u00e7\u00f5es. Indo para os aspectos legais, entendemos a import\u00e2ncia do alinhamento com a legisla\u00e7\u00e3o vigente sobre o uso de restri\u00e7\u00f5es. Al\u00e9m disso, exploraremos aspectos organizacionais e situa\u00e7\u00f5es excepcionais que requerem considera\u00e7\u00e3o especial.<\/p>\n<p>Desde a fase inicial de diagn\u00f3stico preliminar at\u00e9 \u00e0 fase de forma\u00e7\u00e3o e avalia\u00e7\u00e3o, iremos fornecer-lhe as ferramentas e estrat\u00e9gias necess\u00e1rias para implementar pr\u00e1ticas de cuidados centradas na pessoa. Defendemos uma abordagem progressiva que garanta um ambiente seguro e respeitoso, minimizando a necessidade de restri\u00e7\u00f5es.<br \/>\nEste curso n\u00e3o visa apenas reduzir as restri\u00e7\u00f5es f\u00edsicas, mas tamb\u00e9m promover uma mudan\u00e7a cultural que coloque a pessoa no centro dos cuidados. Junte-se a n\u00f3s para aprender, inspirar-se e liderar o caminho para um cuidado mais humano e digno em cuidados residenciais. Vamos juntos transformar o cuidado aos idosos!<\/p>","protected":false},"excerpt":{"rendered":"<p>Bienvenido a nuestro revolucionario curso sobre \u00abReducci\u00f3n de Sujeciones en Centros Residenciales\u00bb, donde nos sumergiremos en la transformaci\u00f3n de pr\u00e1cticas y enfoques para garantizar un entorno m\u00e1s respetuoso y centrado en la persona.<\/p>","protected":false},"featured_media":6327,"comment_status":"open","ping_status":"closed","template":"","meta":{"_jf_limit_responses":"","codigo-producto":"2109 -A","costo-gestion":"5.4"},"product_brand":[],"product_cat":[15],"product_tag":[],"class_list":{"0":"post-6325","1":"product","2":"type-product","3":"status-publish","4":"has-post-thumbnail","6":"product_cat-uncategorized","8":"first","9":"instock","10":"shipping-taxable","11":"purchasable","12":"product-type-simple"},"_links":{"self":[{"href":"https:\/\/institutodependencia.edu.es\/pt\/wp-json\/wp\/v2\/product\/6325","targetHints":{"allow":["GET"]}}],"collection":[{"href":"https:\/\/institutodependencia.edu.es\/pt\/wp-json\/wp\/v2\/product"}],"about":[{"href":"https:\/\/institutodependencia.edu.es\/pt\/wp-json\/wp\/v2\/types\/product"}],"replies":[{"embeddable":true,"href":"https:\/\/institutodependencia.edu.es\/pt\/wp-json\/wp\/v2\/comments?post=6325"}],"version-history":[{"count":2,"href":"https:\/\/institutodependencia.edu.es\/pt\/wp-json\/wp\/v2\/product\/6325\/revisions"}],"predecessor-version":[{"id":6935,"href":"https:\/\/institutodependencia.edu.es\/pt\/wp-json\/wp\/v2\/product\/6325\/revisions\/6935"}],"wp:featuredmedia":[{"embeddable":true,"href":"https:\/\/institutodependencia.edu.es\/pt\/wp-json\/wp\/v2\/media\/6327"}],"wp:attachment":[{"href":"https:\/\/institutodependencia.edu.es\/pt\/wp-json\/wp\/v2\/media?parent=6325"}],"wp:term":[{"taxonomy":"product_brand","embeddable":true,"href":"https:\/\/institutodependencia.edu.es\/pt\/wp-json\/wp\/v2\/product_brand?post=6325"},{"taxonomy":"product_cat","embeddable":true,"href":"https:\/\/institutodependencia.edu.es\/pt\/wp-json\/wp\/v2\/product_cat?post=6325"},{"taxonomy":"product_tag","embeddable":true,"href":"https:\/\/institutodependencia.edu.es\/pt\/wp-json\/wp\/v2\/product_tag?post=6325"}],"curies":[{"name":"wp","href":"https:\/\/api.w.org\/{rel}","templated":true}]}}