{"id":6313,"date":"2024-06-03T08:08:41","date_gmt":"2024-06-03T08:08:41","guid":{"rendered":"https:\/\/institutodependencia.edu.es\/?post_type=product&#038;p=6313"},"modified":"2025-05-20T14:50:23","modified_gmt":"2025-05-20T14:50:23","slug":"snoezelen-modulo-de-formacao-1-solo-brasil","status":"publish","type":"product","link":"https:\/\/institutodependencia.edu.es\/pt\/product\/snoezelen-modulo-de-formacao-1-solo-brasil\/","title":{"rendered":"M\u00f3dulo de treinamento Snoezelen 1 | Somente Brasil"},"content":{"rendered":"<p>Trata-se de uma forma\u00e7\u00e3o ass\u00edncrona que permite a cada participante progredir nos conte\u00fados de acordo com a sua disponibilidade. Os alunos poder\u00e3o aceder ao curso durante um per\u00edodo de tempo espec\u00edfico. Durante este per\u00edodo, a plataforma permanecer\u00e1 dispon\u00edvel 24h\/7 dias, permitindo que cada aluno aceda ao curso no momento mais adequado \u00e0s suas necessidades.<\/p>\n<p>A formadora AMELIA MARTINS, formadora credenciada pelo ISNA_MSE, ser\u00e1 a tutora da forma\u00e7\u00e3o e acompanhar\u00e1 os formandos ao longo do curso, incentivando a reflex\u00e3o e a aprendizagem colaborativa atrav\u00e9s de dois recursos did\u00e1ticos colocados \u00e0 sua disposi\u00e7\u00e3o.<\/p>\n<p>Uma vez efetuado o pagamento do curso, voc\u00ea receber\u00e1 um e-mail confirmando o recebimento do seu pagamento e estar\u00e1 inscrito nesse momento.<br \/>\nA FTF reserva-se o direito de alterar a data de in\u00edcio do curso.<\/p>","protected":false},"excerpt":{"rendered":"<p>A FTF em colabora\u00e7\u00e3o com Am\u00e9lia Martins, formadora credenciada pela ISNA (Associa\u00e7\u00e3o Internacional de Snoezelen), lan\u00e7ou esta forma\u00e7\u00e3o de Capacita\u00e7\u00e3o em Snoezelen para os Profissionais do BRASIL composta por 3 m\u00f3dulos que, uma vez aprovados, dar\u00e3o origem \u00e0 forma\u00e7\u00e3o para obten\u00e7\u00e3o do Certificado ISNA_MSE que o creditado como terapeuta Snoezelen.<\/p>","protected":false},"featured_media":6252,"comment_status":"open","ping_status":"closed","template":"","meta":{"_jf_limit_responses":"","codigo-producto":"","costo-gestion":"0"},"product_brand":[],"product_cat":[15],"product_tag":[],"class_list":{"0":"post-6313","1":"product","2":"type-product","3":"status-publish","4":"has-post-thumbnail","6":"product_cat-uncategorized","8":"first","9":"instock","10":"shipping-taxable","11":"purchasable","12":"product-type-simple"},"_links":{"self":[{"href":"https:\/\/institutodependencia.edu.es\/pt\/wp-json\/wp\/v2\/product\/6313","targetHints":{"allow":["GET"]}}],"collection":[{"href":"https:\/\/institutodependencia.edu.es\/pt\/wp-json\/wp\/v2\/product"}],"about":[{"href":"https:\/\/institutodependencia.edu.es\/pt\/wp-json\/wp\/v2\/types\/product"}],"replies":[{"embeddable":true,"href":"https:\/\/institutodependencia.edu.es\/pt\/wp-json\/wp\/v2\/comments?post=6313"}],"version-history":[{"count":2,"href":"https:\/\/institutodependencia.edu.es\/pt\/wp-json\/wp\/v2\/product\/6313\/revisions"}],"predecessor-version":[{"id":7205,"href":"https:\/\/institutodependencia.edu.es\/pt\/wp-json\/wp\/v2\/product\/6313\/revisions\/7205"}],"wp:featuredmedia":[{"embeddable":true,"href":"https:\/\/institutodependencia.edu.es\/pt\/wp-json\/wp\/v2\/media\/6252"}],"wp:attachment":[{"href":"https:\/\/institutodependencia.edu.es\/pt\/wp-json\/wp\/v2\/media?parent=6313"}],"wp:term":[{"taxonomy":"product_brand","embeddable":true,"href":"https:\/\/institutodependencia.edu.es\/pt\/wp-json\/wp\/v2\/product_brand?post=6313"},{"taxonomy":"product_cat","embeddable":true,"href":"https:\/\/institutodependencia.edu.es\/pt\/wp-json\/wp\/v2\/product_cat?post=6313"},{"taxonomy":"product_tag","embeddable":true,"href":"https:\/\/institutodependencia.edu.es\/pt\/wp-json\/wp\/v2\/product_tag?post=6313"}],"curies":[{"name":"wp","href":"https:\/\/api.w.org\/{rel}","templated":true}]}}