{"id":6309,"date":"2024-06-03T07:47:14","date_gmt":"2024-06-03T07:47:14","guid":{"rendered":"https:\/\/institutodependencia.edu.es\/?post_type=product&#038;p=6309"},"modified":"2024-06-03T07:47:14","modified_gmt":"2024-06-03T07:47:14","slug":"capacitacion-snoezelen-modulo-1-solo-argentina","status":"publish","type":"product","link":"https:\/\/institutodependencia.edu.es\/pt\/product\/capacitacion-snoezelen-modulo-1-solo-argentina\/","title":{"rendered":"Treinamento de Snoezelen. M\u00f3dulo 1 | Apenas Argentina"},"content":{"rendered":"<div class=\"ewa-rteLine\">FTF em colabora\u00e7\u00e3o com ANA MAR\u00cdA GONZ\u00c1LEZ GALLI, Formadora credenciada pela <strong>ISNA<\/strong> (International Snoezelen Association), lan\u00e7a esta forma\u00e7\u00e3o Snoezelen Training composta por <strong>3 m\u00f3dulos<\/strong> que, uma vez aprovado, levar\u00e1 o participante \u00e0 obten\u00e7\u00e3o do Certificado de Associa\u00e7\u00e3o que o credencia como especialista.<\/div>\n<div><\/div>\n<div class=\"ewa-rteLine\">Depois de concluir o curso voc\u00ea obter\u00e1 o<strong> Certificado de conhecimento com o selo ISNA<\/strong>.<\/div>\n<div><\/div>\n<div class=\"ewa-rteLine\">Esta forma\u00e7\u00e3o enquadra-se no reconhecimento e aprova\u00e7\u00e3o de <strong>Treinamento Internacional em Estimula\u00e7\u00e3o Multissensorial e Snoezelen<\/strong>, ISNA (Associa\u00e7\u00e3o Internacional de Snoezelen). Uma vez conclu\u00eddos os 3 m\u00f3dulos de forma\u00e7\u00e3o, \u00e9 oferecida uma qualifica\u00e7\u00e3o internacional com reconhecimento ISNA.<\/div>\n<div><\/div>\n<div class=\"ewa-rteLine\">A forma\u00e7\u00e3o completa \u00e9 composta por 3 m\u00f3dulos, totalizando 75 horas (25 horas modalidade online do m\u00f3dulo 1 + 50 horas presenciais dos m\u00f3dulos 2 e 3).<\/div>\n<div><\/div>\n<div class=\"ewa-rteLine\">A forma\u00e7\u00e3o globalmente conta com um 50% de conte\u00fado te\u00f3rico e um 50% de conte\u00fado pr\u00e1tico. Recomenda-se a realiza\u00e7\u00e3o dos 3 m\u00f3dulos com um curto intervalo de tempo entre cada um deles para implementar os conhecimentos e pr\u00e1ticas de interven\u00e7\u00e3o aprendidos em cada m\u00f3dulo antes de realizar o seguinte.<\/div>","protected":false},"excerpt":{"rendered":"<p>F\u00d3RUM DE FORMA\u00c7\u00c3O T\u00c9CNICA em colabora\u00e7\u00e3o com ANA MAR\u00cdA GONZ\u00c1LEZ GALLI, formadora credenciada pela ISNA (International Snoezelen Association), lan\u00e7a esta forma\u00e7\u00e3o Snoezelen Training composta por 3 m\u00f3dulos que, uma vez conclu\u00eddos, levar\u00e3o o participante a obter o Certificado de Associa\u00e7\u00e3o que o credencia como especialista .<\/p>\n<p>Curso exclusivo para Argentina (equivalente a 80.000 pesos).<\/p>","protected":false},"featured_media":6252,"comment_status":"open","ping_status":"closed","template":"","meta":{"_jf_limit_responses":"","codigo-producto":"2268-A","costo-gestion":""},"product_brand":[],"product_cat":[15],"product_tag":[],"class_list":{"0":"post-6309","1":"product","2":"type-product","3":"status-publish","4":"has-post-thumbnail","6":"product_cat-uncategorized","8":"first","9":"instock","10":"shipping-taxable","11":"purchasable","12":"product-type-simple"},"_links":{"self":[{"href":"https:\/\/institutodependencia.edu.es\/pt\/wp-json\/wp\/v2\/product\/6309","targetHints":{"allow":["GET"]}}],"collection":[{"href":"https:\/\/institutodependencia.edu.es\/pt\/wp-json\/wp\/v2\/product"}],"about":[{"href":"https:\/\/institutodependencia.edu.es\/pt\/wp-json\/wp\/v2\/types\/product"}],"replies":[{"embeddable":true,"href":"https:\/\/institutodependencia.edu.es\/pt\/wp-json\/wp\/v2\/comments?post=6309"}],"version-history":[{"count":1,"href":"https:\/\/institutodependencia.edu.es\/pt\/wp-json\/wp\/v2\/product\/6309\/revisions"}],"predecessor-version":[{"id":6310,"href":"https:\/\/institutodependencia.edu.es\/pt\/wp-json\/wp\/v2\/product\/6309\/revisions\/6310"}],"wp:featuredmedia":[{"embeddable":true,"href":"https:\/\/institutodependencia.edu.es\/pt\/wp-json\/wp\/v2\/media\/6252"}],"wp:attachment":[{"href":"https:\/\/institutodependencia.edu.es\/pt\/wp-json\/wp\/v2\/media?parent=6309"}],"wp:term":[{"taxonomy":"product_brand","embeddable":true,"href":"https:\/\/institutodependencia.edu.es\/pt\/wp-json\/wp\/v2\/product_brand?post=6309"},{"taxonomy":"product_cat","embeddable":true,"href":"https:\/\/institutodependencia.edu.es\/pt\/wp-json\/wp\/v2\/product_cat?post=6309"},{"taxonomy":"product_tag","embeddable":true,"href":"https:\/\/institutodependencia.edu.es\/pt\/wp-json\/wp\/v2\/product_tag?post=6309"}],"curies":[{"name":"wp","href":"https:\/\/api.w.org\/{rel}","templated":true}]}}