{"id":6273,"date":"2024-05-30T14:54:46","date_gmt":"2024-05-30T14:54:46","guid":{"rendered":"https:\/\/institutodependencia.edu.es\/?post_type=product&#038;p=6273"},"modified":"2026-03-02T16:32:02","modified_gmt":"2026-03-02T16:32:02","slug":"capacitacion-snoezelen-modulo-iii","status":"publish","type":"product","link":"https:\/\/institutodependencia.edu.es\/pt\/product\/capacitacion-snoezelen-modulo-iii\/","title":{"rendered":"Capacitaci\u00f3n Snoezelen. M\u00f3dulo III (1\u00ba edici\u00f3n 2026)"},"content":{"rendered":"<p>Una vez superado el curso obtendr\u00e1s el Certificado de conocimiento con el sello del ISNA.<\/p>\n<p>Esta formaci\u00f3n se enmarca dentro del reconocimiento y homologaci\u00f3n de Capacitaci\u00f3n Internacional en Estimulaci\u00f3n Multisensorial y Snoezelen, ISNA (International Snoezelen Association). Una vez finalizados los 3 m\u00f3dulos de formaci\u00f3n se ofrece una titulaci\u00f3n internacional con el reconocimiento de ISNA.<\/p>\n<p>La formaci\u00f3n consta de 3 m\u00f3dulos (Total 75 horas formaci\u00f3n). La formaci\u00f3n globalmente tiene un 50% de contenido te\u00f3rico y un 50% de contenido pr\u00e1ctico. Se recomienda realizar los 3 m\u00f3dulos con un per\u00edodo entre cada uno de ellos para as\u00ed poder implementar los conocimientos y pr\u00e1cticas de intervenci\u00f3n aprendidos en cada m\u00f3dulo antes de realizar el siguiente.<\/p>","protected":false},"excerpt":{"rendered":"<p>F\u00d3RUM DE FORMA\u00c7\u00c3O T\u00c9CNICA em colabora\u00e7\u00e3o com MAR\u00cdA JOS\u00c9 CID, Formadora credenciada pela ISNA (International Snoezelen Association), lan\u00e7a esta forma\u00e7\u00e3o Snoezelen Training composta por 3 m\u00f3dulos que, uma vez conclu\u00eddos, levar\u00e3o o participante \u00e0 obten\u00e7\u00e3o do Certificado de Associa\u00e7\u00e3o que o credencia como especialista.<\/p>\n<p>Depois de concluir o curso voc\u00ea obter\u00e1 o<strong>\u00a0Certificado de conhecimento com o selo ISNA<\/strong>.<\/p>\n<p>Esta forma\u00e7\u00e3o enquadra-se no reconhecimento e aprova\u00e7\u00e3o de\u00a0<strong>Treinamento Internacional em Estimula\u00e7\u00e3o Multissensorial e Snoezelen<\/strong>, ISNA (Associa\u00e7\u00e3o Internacional de Snoezelen). Uma vez conclu\u00eddos os 3 m\u00f3dulos de forma\u00e7\u00e3o, \u00e9 oferecida uma qualifica\u00e7\u00e3o internacional com reconhecimento ISNA.<\/p>\n<p>A forma\u00e7\u00e3o completa \u00e9 composta por 3 m\u00f3dulos, totalizando 75 horas (25 horas modalidade online do m\u00f3dulo 1 + 50 horas presenciais dos m\u00f3dulos 2 e 3).<\/p>\n<p>A forma\u00e7\u00e3o globalmente conta com um 50% de conte\u00fado te\u00f3rico e um 50% de conte\u00fado pr\u00e1tico. Recomenda-se a realiza\u00e7\u00e3o dos 3 m\u00f3dulos com um curto intervalo de tempo entre cada um deles para implementar os conhecimentos e pr\u00e1ticas de interven\u00e7\u00e3o aprendidos em cada m\u00f3dulo antes de realizar o seguinte.<\/p>\n<p>O pre\u00e7o m\u00e1ximo do b\u00f4nus \u00e9 de \u20ac 707,50.<\/p>","protected":false},"featured_media":6251,"comment_status":"open","ping_status":"closed","template":"","meta":{"_jf_limit_responses":"","codigo-producto":"14-C","costo-gestion":"42.35"},"product_brand":[],"product_cat":[15],"product_tag":[],"class_list":{"0":"post-6273","1":"product","2":"type-product","3":"status-publish","4":"has-post-thumbnail","6":"product_cat-uncategorized","8":"first","9":"instock","10":"shipping-taxable","11":"purchasable","12":"product-type-simple"},"_links":{"self":[{"href":"https:\/\/institutodependencia.edu.es\/pt\/wp-json\/wp\/v2\/product\/6273","targetHints":{"allow":["GET"]}}],"collection":[{"href":"https:\/\/institutodependencia.edu.es\/pt\/wp-json\/wp\/v2\/product"}],"about":[{"href":"https:\/\/institutodependencia.edu.es\/pt\/wp-json\/wp\/v2\/types\/product"}],"replies":[{"embeddable":true,"href":"https:\/\/institutodependencia.edu.es\/pt\/wp-json\/wp\/v2\/comments?post=6273"}],"version-history":[{"count":3,"href":"https:\/\/institutodependencia.edu.es\/pt\/wp-json\/wp\/v2\/product\/6273\/revisions"}],"predecessor-version":[{"id":7474,"href":"https:\/\/institutodependencia.edu.es\/pt\/wp-json\/wp\/v2\/product\/6273\/revisions\/7474"}],"wp:featuredmedia":[{"embeddable":true,"href":"https:\/\/institutodependencia.edu.es\/pt\/wp-json\/wp\/v2\/media\/6251"}],"wp:attachment":[{"href":"https:\/\/institutodependencia.edu.es\/pt\/wp-json\/wp\/v2\/media?parent=6273"}],"wp:term":[{"taxonomy":"product_brand","embeddable":true,"href":"https:\/\/institutodependencia.edu.es\/pt\/wp-json\/wp\/v2\/product_brand?post=6273"},{"taxonomy":"product_cat","embeddable":true,"href":"https:\/\/institutodependencia.edu.es\/pt\/wp-json\/wp\/v2\/product_cat?post=6273"},{"taxonomy":"product_tag","embeddable":true,"href":"https:\/\/institutodependencia.edu.es\/pt\/wp-json\/wp\/v2\/product_tag?post=6273"}],"curies":[{"name":"wp","href":"https:\/\/api.w.org\/{rel}","templated":true}]}}