{"id":6134,"date":"2024-05-22T10:36:45","date_gmt":"2024-05-22T10:36:45","guid":{"rendered":"https:\/\/institutodependencia.edu.es\/?post_type=product&#038;p=6134"},"modified":"2025-06-17T14:33:45","modified_gmt":"2025-06-17T14:33:45","slug":"curso-de-lengua-de-signos-espanola-a1-1","status":"publish","type":"product","link":"https:\/\/institutodependencia.edu.es\/pt\/product\/curso-de-lengua-de-signos-espanola-a1-1\/","title":{"rendered":"Curso de L\u00edngua Gestual Espanhola A1.1"},"content":{"rendered":"","protected":false},"excerpt":{"rendered":"<p>Curso de introdu\u00e7\u00e3o \u00e0 LSE (A1.1) destinado a pessoas com defici\u00eancia auditiva que n\u00e3o conhecem a LSE, surdos imigrantes e familiares de surdos\/deficientes auditivos.<\/p>\n<p>Desde la <strong>Fundaci\u00f3n Andaluza Accesibilidad y Personas Sordas<\/strong> se organiza y se imparte este curso de iniciaci\u00f3n a la Lengua de Signos Espa\u00f1ola (nivel A1.1 conforme al Marco Com\u00fan Europeo de Referencia para las Lenguas).<\/p>\n<p>Atividade subsidiada imputada \u00e0 dota\u00e7\u00e3o fiscal de 0,7% do Imposto sobre o Rendimento das Pessoas Singulares, Departamento de Inclus\u00e3o Social, Juventude, Fam\u00edlia e Igualdade da Junta de Andaluzia, Governo de Espanha, Minist\u00e9rio dos Direitos Sociais e Agenda 2030.<\/p>","protected":false},"featured_media":6136,"comment_status":"open","ping_status":"closed","template":"","meta":{"_jf_limit_responses":"","codigo-producto":"","costo-gestion":"64.54"},"product_brand":[],"product_cat":[33],"product_tag":[],"class_list":{"0":"post-6134","1":"product","2":"type-product","3":"status-publish","4":"has-post-thumbnail","6":"product_cat-programado","8":"first","9":"instock","10":"shipping-taxable","11":"purchasable","12":"product-type-simple"},"_links":{"self":[{"href":"https:\/\/institutodependencia.edu.es\/pt\/wp-json\/wp\/v2\/product\/6134","targetHints":{"allow":["GET"]}}],"collection":[{"href":"https:\/\/institutodependencia.edu.es\/pt\/wp-json\/wp\/v2\/product"}],"about":[{"href":"https:\/\/institutodependencia.edu.es\/pt\/wp-json\/wp\/v2\/types\/product"}],"replies":[{"embeddable":true,"href":"https:\/\/institutodependencia.edu.es\/pt\/wp-json\/wp\/v2\/comments?post=6134"}],"version-history":[{"count":6,"href":"https:\/\/institutodependencia.edu.es\/pt\/wp-json\/wp\/v2\/product\/6134\/revisions"}],"predecessor-version":[{"id":7262,"href":"https:\/\/institutodependencia.edu.es\/pt\/wp-json\/wp\/v2\/product\/6134\/revisions\/7262"}],"wp:featuredmedia":[{"embeddable":true,"href":"https:\/\/institutodependencia.edu.es\/pt\/wp-json\/wp\/v2\/media\/6136"}],"wp:attachment":[{"href":"https:\/\/institutodependencia.edu.es\/pt\/wp-json\/wp\/v2\/media?parent=6134"}],"wp:term":[{"taxonomy":"product_brand","embeddable":true,"href":"https:\/\/institutodependencia.edu.es\/pt\/wp-json\/wp\/v2\/product_brand?post=6134"},{"taxonomy":"product_cat","embeddable":true,"href":"https:\/\/institutodependencia.edu.es\/pt\/wp-json\/wp\/v2\/product_cat?post=6134"},{"taxonomy":"product_tag","embeddable":true,"href":"https:\/\/institutodependencia.edu.es\/pt\/wp-json\/wp\/v2\/product_tag?post=6134"}],"curies":[{"name":"wp","href":"https:\/\/api.w.org\/{rel}","templated":true}]}}