{"id":5917,"date":"2024-04-29T09:01:05","date_gmt":"2024-04-29T09:01:05","guid":{"rendered":"https:\/\/institutodependencia.edu.es\/?post_type=product&#038;p=5917"},"modified":"2024-11-07T12:01:33","modified_gmt":"2024-11-07T12:01:33","slug":"extincion-de-incendios-en-centros-residenciales","status":"publish","type":"product","link":"https:\/\/institutodependencia.edu.es\/pt\/product\/extincion-de-incendios-en-centros-residenciales\/","title":{"rendered":"Combate a inc\u00eandios em centros residenciais"},"content":{"rendered":"<p>Neste curso voc\u00ea mergulhar\u00e1 na ess\u00eancia do fogo e da conflagra\u00e7\u00e3o, aprender\u00e1 sobre os servi\u00e7os de emerg\u00eancia dispon\u00edveis, entender\u00e1 a qu\u00edmica da combust\u00e3o, descobrir\u00e1 como come\u00e7a um inc\u00eandio e analisar\u00e1 os diferentes tipos de inc\u00eandios que existem .<\/p>\n<p>Iremos fornecer-lhe ferramentas para compreender a cadeia de inc\u00eandios, implementar estrat\u00e9gias de preven\u00e7\u00e3o e reconhecer locais cr\u00edticos nos seus centros de trabalho onde o calor pode ser gerado. Voc\u00ea explorar\u00e1 os v\u00e1rios meios de extin\u00e7\u00e3o dispon\u00edveis, aprender\u00e1 sobre as subst\u00e2ncias contidas nos equipamentos de extin\u00e7\u00e3o, praticar\u00e1 evacua\u00e7\u00f5es eficazes e adquirir\u00e1 recomenda\u00e7\u00f5es gerais para lidar com emerg\u00eancias com sucesso.<\/p>\n<p>Iremos equip\u00e1-lo com as compet\u00eancias necess\u00e1rias para prevenir inc\u00eandios e agir eficazmente em caso de emerg\u00eancia. Participe do nosso curso e torne-se um especialista em combate a inc\u00eandio, garantindo seguran\u00e7a no seu ambiente de trabalho!<\/p>","protected":false},"excerpt":{"rendered":"<p>Nosso programa de Combate a Inc\u00eandios visa formar de forma abrangente todo o pessoal que atua nos diversos centros, dotando-os das compet\u00eancias necess\u00e1rias para prevenir inc\u00eandios e, caso ocorram, atuar de forma eficaz para control\u00e1-los.<\/p>","protected":false},"featured_media":5919,"comment_status":"open","ping_status":"closed","template":"","meta":{"_jf_limit_responses":"","codigo-producto":"2176-A","costo-gestion":"3.63"},"product_brand":[],"product_cat":[15],"product_tag":[],"class_list":{"0":"post-5917","1":"product","2":"type-product","3":"status-publish","4":"has-post-thumbnail","6":"product_cat-uncategorized","8":"first","9":"instock","10":"shipping-taxable","11":"purchasable","12":"product-type-simple"},"_links":{"self":[{"href":"https:\/\/institutodependencia.edu.es\/pt\/wp-json\/wp\/v2\/product\/5917","targetHints":{"allow":["GET"]}}],"collection":[{"href":"https:\/\/institutodependencia.edu.es\/pt\/wp-json\/wp\/v2\/product"}],"about":[{"href":"https:\/\/institutodependencia.edu.es\/pt\/wp-json\/wp\/v2\/types\/product"}],"replies":[{"embeddable":true,"href":"https:\/\/institutodependencia.edu.es\/pt\/wp-json\/wp\/v2\/comments?post=5917"}],"version-history":[{"count":1,"href":"https:\/\/institutodependencia.edu.es\/pt\/wp-json\/wp\/v2\/product\/5917\/revisions"}],"predecessor-version":[{"id":5920,"href":"https:\/\/institutodependencia.edu.es\/pt\/wp-json\/wp\/v2\/product\/5917\/revisions\/5920"}],"wp:featuredmedia":[{"embeddable":true,"href":"https:\/\/institutodependencia.edu.es\/pt\/wp-json\/wp\/v2\/media\/5919"}],"wp:attachment":[{"href":"https:\/\/institutodependencia.edu.es\/pt\/wp-json\/wp\/v2\/media?parent=5917"}],"wp:term":[{"taxonomy":"product_brand","embeddable":true,"href":"https:\/\/institutodependencia.edu.es\/pt\/wp-json\/wp\/v2\/product_brand?post=5917"},{"taxonomy":"product_cat","embeddable":true,"href":"https:\/\/institutodependencia.edu.es\/pt\/wp-json\/wp\/v2\/product_cat?post=5917"},{"taxonomy":"product_tag","embeddable":true,"href":"https:\/\/institutodependencia.edu.es\/pt\/wp-json\/wp\/v2\/product_tag?post=5917"}],"curies":[{"name":"wp","href":"https:\/\/api.w.org\/{rel}","templated":true}]}}