{"id":5899,"date":"2024-04-26T12:40:30","date_gmt":"2024-04-26T12:40:30","guid":{"rendered":"https:\/\/institutodependencia.edu.es\/?post_type=product&#038;p=5899"},"modified":"2025-09-22T13:46:33","modified_gmt":"2025-09-22T13:46:33","slug":"desarrollar-la-resiliencia","status":"publish","type":"product","link":"https:\/\/institutodependencia.edu.es\/pt\/product\/desarrollar-la-resiliencia\/","title":{"rendered":"Desenvolva resili\u00eancia"},"content":{"rendered":"<p>Nossa abordagem \u00fanica visa capacitar os participantes para enfrentar eficazmente as dificuldades, transformando-as em oportunidades de crescimento pessoal e emocional.<\/p>\n<p>Voc\u00ea mergulhar\u00e1 no fascinante mundo da resili\u00eancia, proporcionando uma compreens\u00e3o profunda do que ela \u00e9 e como se manifesta nos comportamentos. Voc\u00ea explorar\u00e1 os segredos essenciais para desenvolver a resili\u00eancia, permitindo-lhe aplicar esse conhecimento de forma pr\u00e1tica em sua vida di\u00e1ria.<\/p>\n<p>Este curso ir\u00e1 capacit\u00e1-lo a ser resiliente diante das dificuldades, ensinando-o a desenvolver essa qualidade tanto em voc\u00ea quanto nos outros. Voc\u00ea aprender\u00e1 a enfrentar a dor e as adversidades numa perspectiva de crescimento, construindo uma base s\u00f3lida para superar desafios com resili\u00eancia e determina\u00e7\u00e3o.<\/p>\n<p>Oferecemos-lhe a oportunidade de transformar dificuldades em oportunidades de crescimento pessoal e emocional.<\/p>\n<p>Inscreva-se agora e comece sua jornada em dire\u00e7\u00e3o a uma vida mais resiliente e gratificante!<\/p>","protected":false},"excerpt":{"rendered":"<p>\u00a1Emb\u00e1rcate en el viaje hacia el desarrollo personal y emocional con nuestro curso exclusivo \u00abDesarrollar la Resiliencia\u00bb!<\/p>\n<p>Este curso ir\u00e1 equip\u00e1-lo com habilidades e conhecimentos fundamentais para compreender, desenvolver e aplicar resili\u00eancia tanto em sua vida pessoal quanto no relacionamento com outras pessoas.<\/p>","protected":false},"featured_media":5900,"comment_status":"open","ping_status":"closed","template":"","meta":{"_jf_limit_responses":"","codigo-producto":"2049-A","costo-gestion":"3.63"},"product_brand":[],"product_cat":[33],"product_tag":[],"class_list":{"0":"post-5899","1":"product","2":"type-product","3":"status-publish","4":"has-post-thumbnail","6":"product_cat-programado","8":"first","9":"instock","10":"shipping-taxable","11":"purchasable","12":"product-type-simple"},"_links":{"self":[{"href":"https:\/\/institutodependencia.edu.es\/pt\/wp-json\/wp\/v2\/product\/5899","targetHints":{"allow":["GET"]}}],"collection":[{"href":"https:\/\/institutodependencia.edu.es\/pt\/wp-json\/wp\/v2\/product"}],"about":[{"href":"https:\/\/institutodependencia.edu.es\/pt\/wp-json\/wp\/v2\/types\/product"}],"replies":[{"embeddable":true,"href":"https:\/\/institutodependencia.edu.es\/pt\/wp-json\/wp\/v2\/comments?post=5899"}],"version-history":[{"count":3,"href":"https:\/\/institutodependencia.edu.es\/pt\/wp-json\/wp\/v2\/product\/5899\/revisions"}],"predecessor-version":[{"id":6673,"href":"https:\/\/institutodependencia.edu.es\/pt\/wp-json\/wp\/v2\/product\/5899\/revisions\/6673"}],"wp:featuredmedia":[{"embeddable":true,"href":"https:\/\/institutodependencia.edu.es\/pt\/wp-json\/wp\/v2\/media\/5900"}],"wp:attachment":[{"href":"https:\/\/institutodependencia.edu.es\/pt\/wp-json\/wp\/v2\/media?parent=5899"}],"wp:term":[{"taxonomy":"product_brand","embeddable":true,"href":"https:\/\/institutodependencia.edu.es\/pt\/wp-json\/wp\/v2\/product_brand?post=5899"},{"taxonomy":"product_cat","embeddable":true,"href":"https:\/\/institutodependencia.edu.es\/pt\/wp-json\/wp\/v2\/product_cat?post=5899"},{"taxonomy":"product_tag","embeddable":true,"href":"https:\/\/institutodependencia.edu.es\/pt\/wp-json\/wp\/v2\/product_tag?post=5899"}],"curies":[{"name":"wp","href":"https:\/\/api.w.org\/{rel}","templated":true}]}}