{"id":5883,"date":"2024-04-26T12:20:21","date_gmt":"2024-04-26T12:20:21","guid":{"rendered":"https:\/\/institutodependencia.edu.es\/?post_type=product&#038;p=5883"},"modified":"2025-09-30T08:29:02","modified_gmt":"2025-09-30T08:29:02","slug":"ergonomia-y-movilizacion-de-pacientes-segun-criterio-mapo","status":"publish","type":"product","link":"https:\/\/institutodependencia.edu.es\/pt\/product\/ergonomia-y-movilizacion-de-pacientes-segun-criterio-mapo\/","title":{"rendered":"Ergonomia e mobiliza\u00e7\u00e3o do paciente segundo crit\u00e9rios MAPO"},"content":{"rendered":"<p>Capac\u00edtate en los criterios ergon\u00f3micos esenciales para la movilizaci\u00f3n de pacientes y aprende a prevenir lesiones en el entorno asistencial. Esta formaci\u00f3n te dotar\u00e1 de las herramientas necesarias para aplicar t\u00e9cnicas seguras y eficientes, cuidando tanto tu salud como la de las personas a las que atiendes. A lo largo del curso, conocer\u00e1s los principios fundamentales de la ergonom\u00eda y su aplicaci\u00f3n pr\u00e1ctica en contextos hospitalarios, sociosanitarios y de atenci\u00f3n a personas en situaci\u00f3n de dependencia.<\/p>\n<p>Uno de los ejes centrales del programa es la metodolog\u00eda MAPO (Movilizaci\u00f3n Asistencial de Pacientes Hospitalizados), un sistema de an\u00e1lisis que permite evaluar el nivel de riesgo durante las tareas de movilizaci\u00f3n. Gracias a este enfoque, podr\u00e1s identificar situaciones cr\u00edticas, utilizar correctamente ayudas t\u00e9cnicas y adoptar estrategias que reduzcan el esfuerzo f\u00edsico y el riesgo de trastornos musculoesquel\u00e9ticos. Una formaci\u00f3n clave para profesionales comprometidos con la calidad del cuidado y la seguridad en su entorno laboral.<\/p>","protected":false},"excerpt":{"rendered":"<p>Treine-se em crit\u00e9rios ergon\u00f4micos para mobiliza\u00e7\u00e3o de pacientes. Com este treinamento voc\u00ea aprender\u00e1 a metodologia MAPO (Mobiliza\u00e7\u00e3o de Cuidados de Pacientes Hospitalizados) que permite <span class=\"ILfuVd\" lang=\"es\"><span class=\"hgKElc\">avaliar o risco durante a mobiliza\u00e7\u00e3o de pessoas em centros hospitalares.<\/span><\/span><\/p>","protected":false},"featured_media":5885,"comment_status":"open","ping_status":"closed","template":"","meta":{"_jf_limit_responses":"","codigo-producto":"2267-A","costo-gestion":"5.45"},"product_brand":[],"product_cat":[33],"product_tag":[],"class_list":{"0":"post-5883","1":"product","2":"type-product","3":"status-publish","4":"has-post-thumbnail","6":"product_cat-programado","8":"first","9":"instock","10":"shipping-taxable","11":"purchasable","12":"product-type-simple"},"_links":{"self":[{"href":"https:\/\/institutodependencia.edu.es\/pt\/wp-json\/wp\/v2\/product\/5883","targetHints":{"allow":["GET"]}}],"collection":[{"href":"https:\/\/institutodependencia.edu.es\/pt\/wp-json\/wp\/v2\/product"}],"about":[{"href":"https:\/\/institutodependencia.edu.es\/pt\/wp-json\/wp\/v2\/types\/product"}],"replies":[{"embeddable":true,"href":"https:\/\/institutodependencia.edu.es\/pt\/wp-json\/wp\/v2\/comments?post=5883"}],"version-history":[{"count":3,"href":"https:\/\/institutodependencia.edu.es\/pt\/wp-json\/wp\/v2\/product\/5883\/revisions"}],"predecessor-version":[{"id":7275,"href":"https:\/\/institutodependencia.edu.es\/pt\/wp-json\/wp\/v2\/product\/5883\/revisions\/7275"}],"wp:featuredmedia":[{"embeddable":true,"href":"https:\/\/institutodependencia.edu.es\/pt\/wp-json\/wp\/v2\/media\/5885"}],"wp:attachment":[{"href":"https:\/\/institutodependencia.edu.es\/pt\/wp-json\/wp\/v2\/media?parent=5883"}],"wp:term":[{"taxonomy":"product_brand","embeddable":true,"href":"https:\/\/institutodependencia.edu.es\/pt\/wp-json\/wp\/v2\/product_brand?post=5883"},{"taxonomy":"product_cat","embeddable":true,"href":"https:\/\/institutodependencia.edu.es\/pt\/wp-json\/wp\/v2\/product_cat?post=5883"},{"taxonomy":"product_tag","embeddable":true,"href":"https:\/\/institutodependencia.edu.es\/pt\/wp-json\/wp\/v2\/product_tag?post=5883"}],"curies":[{"name":"wp","href":"https:\/\/api.w.org\/{rel}","templated":true}]}}