{"id":5872,"date":"2024-04-26T12:07:24","date_gmt":"2024-04-26T12:07:24","guid":{"rendered":"https:\/\/institutodependencia.edu.es\/?post_type=product&#038;p=5872"},"modified":"2024-05-27T14:39:16","modified_gmt":"2024-05-27T14:39:16","slug":"medidas-alternativas-a-las-sujeciones-introduccion-a-la-relacion-de-ayuda-con-la-persona-mayor","status":"publish","type":"product","link":"https:\/\/institutodependencia.edu.es\/pt\/product\/medidas-alternativas-a-las-sujeciones-introduccion-a-la-relacion-de-ayuda-con-la-persona-mayor\/","title":{"rendered":"Medidas alternativas \u00e0 conten\u00e7\u00e3o: Introdu\u00e7\u00e3o \u00e0 rela\u00e7\u00e3o de ajuda com a pessoa idosa"},"content":{"rendered":"<p>Neste curso, voc\u00ea aprender\u00e1 a buscar significado em meio ao envelhecimento, proporcionando uma base s\u00f3lida para a compreens\u00e3o das experi\u00eancias \u00fanicas dos idosos.<\/p>\n<p>Voc\u00ea mergulhar\u00e1 na compreens\u00e3o emp\u00e1tica dos idosos, explorando a ess\u00eancia da rela\u00e7\u00e3o de ajuda. Voc\u00ea descobrir\u00e1 a import\u00e2ncia da aceita\u00e7\u00e3o e autenticidade incondicional, construindo habilidades essenciais para acolher e se relacionar genuinamente com quem est\u00e1 passando por processos de envelhecimento.<\/p>\n<p>Al\u00e9m disso, voc\u00ea melhorar\u00e1 a escuta ativa com os idosos, destacando o significado de uma escuta verdadeiramente atenta. Voc\u00ea aprender\u00e1 como abordar e compreender ativamente as dificuldades que podem surgir durante a intera\u00e7\u00e3o, promovendo uma comunica\u00e7\u00e3o eficaz e respeitosa.<\/p>\n<p>Voc\u00ea se aprofundar\u00e1 na empatia, explorando conceitos e efeitos, bem como poss\u00edveis dificuldades em sua aplica\u00e7\u00e3o. Voc\u00ea desenvolver\u00e1 uma compreens\u00e3o completa desse elemento crucial no relacionamento de ajuda aos idosos.<\/p>\n<p>Este curso ir\u00e1 equip\u00e1-lo com habilidades para fornecer respostas significativas no relacionamento de ajuda. Voc\u00ea identificar\u00e1 tipos de respostas espont\u00e2neas, explorar\u00e1 seu pr\u00f3prio estilo relacional e aprender\u00e1 a responder com empatia, fortalecendo assim sua capacidade de ser um apoio valioso na vida dos idosos.<\/p>","protected":false},"excerpt":{"rendered":"<p>Explora el apasionante curso de \u00abIntroducci\u00f3n a la Relaci\u00f3n de Ayuda con la Persona Mayor\u00bb y descubre las claves para establecer conexiones significativas y compasivas.<\/p>\n<p>Voc\u00ea abordar\u00e1 a din\u00e2mica do envelhecimento, reconhecendo-o como uma fase da vida que acarreta desafios e crises.<\/p>\n<p>Inscreva-se agora e comece sua jornada rumo a conex\u00f5es enriquecedoras com idosos!<\/p>","protected":false},"featured_media":5876,"comment_status":"open","ping_status":"closed","template":"","meta":{"_jf_limit_responses":"","codigo-producto":"2067-A","costo-gestion":"9.08"},"product_brand":[],"product_cat":[33],"product_tag":[],"class_list":{"0":"post-5872","1":"product","2":"type-product","3":"status-publish","4":"has-post-thumbnail","6":"product_cat-programado","8":"first","9":"instock","10":"shipping-taxable","11":"purchasable","12":"product-type-simple"},"_links":{"self":[{"href":"https:\/\/institutodependencia.edu.es\/pt\/wp-json\/wp\/v2\/product\/5872","targetHints":{"allow":["GET"]}}],"collection":[{"href":"https:\/\/institutodependencia.edu.es\/pt\/wp-json\/wp\/v2\/product"}],"about":[{"href":"https:\/\/institutodependencia.edu.es\/pt\/wp-json\/wp\/v2\/types\/product"}],"replies":[{"embeddable":true,"href":"https:\/\/institutodependencia.edu.es\/pt\/wp-json\/wp\/v2\/comments?post=5872"}],"version-history":[{"count":1,"href":"https:\/\/institutodependencia.edu.es\/pt\/wp-json\/wp\/v2\/product\/5872\/revisions"}],"predecessor-version":[{"id":5877,"href":"https:\/\/institutodependencia.edu.es\/pt\/wp-json\/wp\/v2\/product\/5872\/revisions\/5877"}],"wp:featuredmedia":[{"embeddable":true,"href":"https:\/\/institutodependencia.edu.es\/pt\/wp-json\/wp\/v2\/media\/5876"}],"wp:attachment":[{"href":"https:\/\/institutodependencia.edu.es\/pt\/wp-json\/wp\/v2\/media?parent=5872"}],"wp:term":[{"taxonomy":"product_brand","embeddable":true,"href":"https:\/\/institutodependencia.edu.es\/pt\/wp-json\/wp\/v2\/product_brand?post=5872"},{"taxonomy":"product_cat","embeddable":true,"href":"https:\/\/institutodependencia.edu.es\/pt\/wp-json\/wp\/v2\/product_cat?post=5872"},{"taxonomy":"product_tag","embeddable":true,"href":"https:\/\/institutodependencia.edu.es\/pt\/wp-json\/wp\/v2\/product_tag?post=5872"}],"curies":[{"name":"wp","href":"https:\/\/api.w.org\/{rel}","templated":true}]}}