{"id":5829,"date":"2024-04-26T11:38:38","date_gmt":"2024-04-26T11:38:38","guid":{"rendered":"https:\/\/institutodependencia.edu.es\/?post_type=product&#038;p=5829"},"modified":"2026-03-25T16:27:41","modified_gmt":"2026-03-25T16:27:41","slug":"microsoft-office-ms-excel-basico-intermedio","status":"publish","type":"product","link":"https:\/\/institutodependencia.edu.es\/pt\/product\/microsoft-office-ms-excel-basico-intermedio\/","title":{"rendered":"MS Excel 2021- Intermedio"},"content":{"rendered":"","protected":false},"excerpt":{"rendered":"<p>Este curso foi desenvolvido para voc\u00ea come\u00e7ar a usar o Microsoft Excel de maneira eficaz. Do b\u00e1sico aos recursos mais \u00fateis, este curso ir\u00e1 gui\u00e1-lo pelas principais ferramentas do Excel.<\/p>\n<p>Aprenda a organizar dados, realizar c\u00e1lculos, criar gr\u00e1ficos e muito mais, tudo isso enquanto ganha confian\u00e7a para usar o Excel em sua vida pessoal e profissional.<\/p>","protected":false},"featured_media":5856,"comment_status":"open","ping_status":"closed","template":"","meta":{"_jf_limit_responses":"","codigo-producto":"176-M","costo-gestion":"18.15"},"product_brand":[],"product_cat":[33],"product_tag":[],"class_list":{"0":"post-5829","1":"product","2":"type-product","3":"status-publish","4":"has-post-thumbnail","6":"product_cat-programado","8":"first","9":"instock","10":"shipping-taxable","11":"purchasable","12":"product-type-simple"},"_links":{"self":[{"href":"https:\/\/institutodependencia.edu.es\/pt\/wp-json\/wp\/v2\/product\/5829","targetHints":{"allow":["GET"]}}],"collection":[{"href":"https:\/\/institutodependencia.edu.es\/pt\/wp-json\/wp\/v2\/product"}],"about":[{"href":"https:\/\/institutodependencia.edu.es\/pt\/wp-json\/wp\/v2\/types\/product"}],"replies":[{"embeddable":true,"href":"https:\/\/institutodependencia.edu.es\/pt\/wp-json\/wp\/v2\/comments?post=5829"}],"version-history":[{"count":4,"href":"https:\/\/institutodependencia.edu.es\/pt\/wp-json\/wp\/v2\/product\/5829\/revisions"}],"predecessor-version":[{"id":7795,"href":"https:\/\/institutodependencia.edu.es\/pt\/wp-json\/wp\/v2\/product\/5829\/revisions\/7795"}],"wp:featuredmedia":[{"embeddable":true,"href":"https:\/\/institutodependencia.edu.es\/pt\/wp-json\/wp\/v2\/media\/5856"}],"wp:attachment":[{"href":"https:\/\/institutodependencia.edu.es\/pt\/wp-json\/wp\/v2\/media?parent=5829"}],"wp:term":[{"taxonomy":"product_brand","embeddable":true,"href":"https:\/\/institutodependencia.edu.es\/pt\/wp-json\/wp\/v2\/product_brand?post=5829"},{"taxonomy":"product_cat","embeddable":true,"href":"https:\/\/institutodependencia.edu.es\/pt\/wp-json\/wp\/v2\/product_cat?post=5829"},{"taxonomy":"product_tag","embeddable":true,"href":"https:\/\/institutodependencia.edu.es\/pt\/wp-json\/wp\/v2\/product_tag?post=5829"}],"curies":[{"name":"wp","href":"https:\/\/api.w.org\/{rel}","templated":true}]}}