{"id":5825,"date":"2024-04-26T11:29:02","date_gmt":"2024-04-26T11:29:02","guid":{"rendered":"https:\/\/institutodependencia.edu.es\/?post_type=product&#038;p=5825"},"modified":"2026-02-04T10:40:19","modified_gmt":"2026-02-04T10:40:19","slug":"actividades-de-estimulacion-fisica-con-personas-mayores","status":"publish","type":"product","link":"https:\/\/institutodependencia.edu.es\/pt\/product\/actividades-de-estimulacion-fisica-con-personas-mayores\/","title":{"rendered":"Actividades para la estimulaci\u00f3n f\u00edsica de las personas mayores"},"content":{"rendered":"<p>Come\u00e7aremos por abordar defini\u00e7\u00f5es fundamentais como sa\u00fade, qualidade de vida, condi\u00e7\u00e3o f\u00edsica, atividade f\u00edsica, exerc\u00edcio f\u00edsico e desporto, e posteriormente analisaremos os benef\u00edcios esperados para os residentes, destacando a metodologia, o desenho das sess\u00f5es e o programa de treino. Al\u00e9m disso, exploraremos a interven\u00e7\u00e3o em grupo, detalhando hor\u00e1rios e turnos, bem como os equipamentos e materiais essenciais para a efic\u00e1cia do processo.<\/p>\n<p>Iremos mergulhar no mundo dos exerc\u00edcios espec\u00edficos concebidos para trabalhar o equil\u00edbrio, manter e\/ou recuperar a mobilidade articular, promover a flexibilidade, fortalecer os m\u00fasculos e tonificar o corpo. Tamb\u00e9m nos aprofundaremos em exerc\u00edcios dedicados aos sistemas respirat\u00f3rio e cardiovascular, proporcionando aos participantes uma compreens\u00e3o completa e pr\u00e1tica para enriquecer a vida dos idosos atrav\u00e9s da estimula\u00e7\u00e3o f\u00edsica.<\/p>\n<p>Junte-se a n\u00f3s e descubra como fazer a diferen\u00e7a no bem-estar dos idosos!<\/p>","protected":false},"excerpt":{"rendered":"<p>Aprende a dise\u00f1ar sesiones efectivas de ejercicio para personas mayores, abordando niveles de intervenci\u00f3n, tipos de terapias, y beneficios f\u00edsicos y emocionales. Conoce ejercicios para mejorar movilidad, equilibrio, fuerza, flexibilidad y salud cardiovascular, as\u00ed como claves para la intervenci\u00f3n grupal. Mejora la calidad de vida de las personas mayores a trav\u00e9s de la actividad f\u00edsica.<\/p>","protected":false},"featured_media":5826,"comment_status":"open","ping_status":"closed","template":"","meta":{"_jf_limit_responses":"","codigo-producto":"2117-A","costo-gestion":"3.63"},"product_brand":[],"product_cat":[33],"product_tag":[],"class_list":{"0":"post-5825","1":"product","2":"type-product","3":"status-publish","4":"has-post-thumbnail","6":"product_cat-programado","8":"first","9":"instock","10":"shipping-taxable","11":"purchasable","12":"product-type-simple"},"_links":{"self":[{"href":"https:\/\/institutodependencia.edu.es\/pt\/wp-json\/wp\/v2\/product\/5825","targetHints":{"allow":["GET"]}}],"collection":[{"href":"https:\/\/institutodependencia.edu.es\/pt\/wp-json\/wp\/v2\/product"}],"about":[{"href":"https:\/\/institutodependencia.edu.es\/pt\/wp-json\/wp\/v2\/types\/product"}],"replies":[{"embeddable":true,"href":"https:\/\/institutodependencia.edu.es\/pt\/wp-json\/wp\/v2\/comments?post=5825"}],"version-history":[{"count":4,"href":"https:\/\/institutodependencia.edu.es\/pt\/wp-json\/wp\/v2\/product\/5825\/revisions"}],"predecessor-version":[{"id":7178,"href":"https:\/\/institutodependencia.edu.es\/pt\/wp-json\/wp\/v2\/product\/5825\/revisions\/7178"}],"wp:featuredmedia":[{"embeddable":true,"href":"https:\/\/institutodependencia.edu.es\/pt\/wp-json\/wp\/v2\/media\/5826"}],"wp:attachment":[{"href":"https:\/\/institutodependencia.edu.es\/pt\/wp-json\/wp\/v2\/media?parent=5825"}],"wp:term":[{"taxonomy":"product_brand","embeddable":true,"href":"https:\/\/institutodependencia.edu.es\/pt\/wp-json\/wp\/v2\/product_brand?post=5825"},{"taxonomy":"product_cat","embeddable":true,"href":"https:\/\/institutodependencia.edu.es\/pt\/wp-json\/wp\/v2\/product_cat?post=5825"},{"taxonomy":"product_tag","embeddable":true,"href":"https:\/\/institutodependencia.edu.es\/pt\/wp-json\/wp\/v2\/product_tag?post=5825"}],"curies":[{"name":"wp","href":"https:\/\/api.w.org\/{rel}","templated":true}]}}