{"id":5819,"date":"2024-04-26T11:21:11","date_gmt":"2024-04-26T11:21:11","guid":{"rendered":"https:\/\/institutodependencia.edu.es\/?post_type=product&#038;p=5819"},"modified":"2024-05-27T14:33:20","modified_gmt":"2024-05-27T14:33:20","slug":"sensibilizacion-en-igualdad-solo-espana","status":"publish","type":"product","link":"https:\/\/institutodependencia.edu.es\/pt\/product\/sensibilizacion-en-igualdad-solo-espana\/","title":{"rendered":"Consci\u00eancia de igualdade"},"content":{"rendered":"<p>Atrav\u00e9s deste curso voc\u00ea aprender\u00e1 sobre comunica\u00e7\u00e3o n\u00e3o sexista, explorando a representa\u00e7\u00e3o das mulheres na m\u00eddia e na publicidade, a invisibilidade na linguagem e fornecendo recomenda\u00e7\u00f5es para um uso n\u00e3o sexista dela.<\/p>\n<p>Voc\u00ea abordar\u00e1 a viol\u00eancia de g\u00eanero desde a sua conceitua\u00e7\u00e3o at\u00e9 o ciclo e os tipos de viol\u00eancia, incluindo o quadro regulat\u00f3rio para preven\u00e7\u00e3o e atendimento \u00e0s v\u00edtimas. Este curso \u00e9 uma oportunidade \u00fanica para contribuir ativamente para a constru\u00e7\u00e3o de uma sociedade mais igualit\u00e1ria.<\/p>\n<p>Inscreva-se agora e junte-se \u00e0 mudan\u00e7a para um mundo mais justo e inclusivo!<\/p>","protected":false},"excerpt":{"rendered":"<p>Descubre nuestro interesante curso \u00abSensibilizaci\u00f3n en Igualdad\u00bb dise\u00f1ado para fomentar un entendimiento profundo y transformador de la igualdad de g\u00e9nero.<\/p>\n<p>Voc\u00ea explorar\u00e1 o feminismo, juntamente com o princ\u00edpio da igualdade de oportunidades e a an\u00e1lise do papel masculino nesta din\u00e2mica.<\/p>\n<p>Voc\u00ea abordar\u00e1 a constru\u00e7\u00e3o social de g\u00eanero, um gloss\u00e1rio essencial e uma perspectiva inclusiva da comunidade LGTBIQ.<\/p>","protected":false},"featured_media":5820,"comment_status":"open","ping_status":"closed","template":"","meta":{"_jf_limit_responses":"","codigo-producto":"146-F","costo-gestion":"3.63"},"product_brand":[],"product_cat":[33],"product_tag":[],"class_list":{"0":"post-5819","1":"product","2":"type-product","3":"status-publish","4":"has-post-thumbnail","6":"product_cat-programado","8":"first","9":"instock","10":"shipping-taxable","11":"purchasable","12":"product-type-simple"},"_links":{"self":[{"href":"https:\/\/institutodependencia.edu.es\/pt\/wp-json\/wp\/v2\/product\/5819","targetHints":{"allow":["GET"]}}],"collection":[{"href":"https:\/\/institutodependencia.edu.es\/pt\/wp-json\/wp\/v2\/product"}],"about":[{"href":"https:\/\/institutodependencia.edu.es\/pt\/wp-json\/wp\/v2\/types\/product"}],"replies":[{"embeddable":true,"href":"https:\/\/institutodependencia.edu.es\/pt\/wp-json\/wp\/v2\/comments?post=5819"}],"version-history":[{"count":2,"href":"https:\/\/institutodependencia.edu.es\/pt\/wp-json\/wp\/v2\/product\/5819\/revisions"}],"predecessor-version":[{"id":5822,"href":"https:\/\/institutodependencia.edu.es\/pt\/wp-json\/wp\/v2\/product\/5819\/revisions\/5822"}],"wp:featuredmedia":[{"embeddable":true,"href":"https:\/\/institutodependencia.edu.es\/pt\/wp-json\/wp\/v2\/media\/5820"}],"wp:attachment":[{"href":"https:\/\/institutodependencia.edu.es\/pt\/wp-json\/wp\/v2\/media?parent=5819"}],"wp:term":[{"taxonomy":"product_brand","embeddable":true,"href":"https:\/\/institutodependencia.edu.es\/pt\/wp-json\/wp\/v2\/product_brand?post=5819"},{"taxonomy":"product_cat","embeddable":true,"href":"https:\/\/institutodependencia.edu.es\/pt\/wp-json\/wp\/v2\/product_cat?post=5819"},{"taxonomy":"product_tag","embeddable":true,"href":"https:\/\/institutodependencia.edu.es\/pt\/wp-json\/wp\/v2\/product_tag?post=5819"}],"curies":[{"name":"wp","href":"https:\/\/api.w.org\/{rel}","templated":true}]}}