{"id":5812,"date":"2024-05-22T13:08:24","date_gmt":"2024-05-22T13:08:24","guid":{"rendered":"https:\/\/institutodependencia.edu.es\/?post_type=product&#038;p=5812"},"modified":"2024-05-27T14:34:37","modified_gmt":"2024-05-27T14:34:37","slug":"sensibilizacion-en-medio-ambiente","status":"publish","type":"product","link":"https:\/\/institutodependencia.edu.es\/pt\/product\/sensibilizacion-en-medio-ambiente\/","title":{"rendered":"Consci\u00eancia ambiental"},"content":{"rendered":"<p>A trav\u00e9s de este curso abordar\u00e1s pr\u00e1cticas ambientales fundamentales, desde la regla de las 3R hasta estrategias para una climatizaci\u00f3n responsable, uso eficiente del agua y peque\u00f1os gestos en los centros que marcan la diferencia.<\/p>\n<p>Este curso te empoderar\u00e1 para asumir un papel activo en la preservaci\u00f3n del medio ambiente, adoptando pr\u00e1cticas responsables y fomentando la sostenibilidad en cada aspecto de tu vida. \u00a1Inscr\u00edbete ahora y \u00fanete a la comunidad comprometida con la protecci\u00f3n de nuestro precioso planeta!<\/p>","protected":false},"excerpt":{"rendered":"<p>Emb\u00e1rcate en un viaje de sensibilizaci\u00f3n ambiental con nuestro curso \u00abSensibilizaci\u00f3n en Medio Ambiente\u00bb, donde explorar\u00e1s y adoptar\u00e1s pr\u00e1cticas sostenibles para contribuir al bienestar del planeta.<\/p>\n<p>Voc\u00ea aprender\u00e1 sobre o fascinante mundo do meio ambiente, entendendo a import\u00e2ncia da ISO 14001, o arcabou\u00e7o legal e o compromisso ambiental. Voc\u00ea aprender\u00e1 a definir e classificar res\u00edduos, bem como identificar diferentes tipos de embalagens e recipientes. Voc\u00ea descobrir\u00e1 a relev\u00e2ncia da reciclagem de embalagens e a significativa contribui\u00e7\u00e3o do ponto verde.<\/p>","protected":false},"featured_media":5813,"comment_status":"open","ping_status":"closed","template":"","meta":{"_jf_limit_responses":"","codigo-producto":"2086-B","costo-gestion":"1.82"},"product_brand":[],"product_cat":[15],"product_tag":[],"class_list":{"0":"post-5812","1":"product","2":"type-product","3":"status-publish","4":"has-post-thumbnail","6":"product_cat-uncategorized","8":"first","9":"instock","10":"shipping-taxable","11":"purchasable","12":"product-type-simple"},"_links":{"self":[{"href":"https:\/\/institutodependencia.edu.es\/pt\/wp-json\/wp\/v2\/product\/5812","targetHints":{"allow":["GET"]}}],"collection":[{"href":"https:\/\/institutodependencia.edu.es\/pt\/wp-json\/wp\/v2\/product"}],"about":[{"href":"https:\/\/institutodependencia.edu.es\/pt\/wp-json\/wp\/v2\/types\/product"}],"replies":[{"embeddable":true,"href":"https:\/\/institutodependencia.edu.es\/pt\/wp-json\/wp\/v2\/comments?post=5812"}],"version-history":[{"count":3,"href":"https:\/\/institutodependencia.edu.es\/pt\/wp-json\/wp\/v2\/product\/5812\/revisions"}],"predecessor-version":[{"id":6139,"href":"https:\/\/institutodependencia.edu.es\/pt\/wp-json\/wp\/v2\/product\/5812\/revisions\/6139"}],"wp:featuredmedia":[{"embeddable":true,"href":"https:\/\/institutodependencia.edu.es\/pt\/wp-json\/wp\/v2\/media\/5813"}],"wp:attachment":[{"href":"https:\/\/institutodependencia.edu.es\/pt\/wp-json\/wp\/v2\/media?parent=5812"}],"wp:term":[{"taxonomy":"product_brand","embeddable":true,"href":"https:\/\/institutodependencia.edu.es\/pt\/wp-json\/wp\/v2\/product_brand?post=5812"},{"taxonomy":"product_cat","embeddable":true,"href":"https:\/\/institutodependencia.edu.es\/pt\/wp-json\/wp\/v2\/product_cat?post=5812"},{"taxonomy":"product_tag","embeddable":true,"href":"https:\/\/institutodependencia.edu.es\/pt\/wp-json\/wp\/v2\/product_tag?post=5812"}],"curies":[{"name":"wp","href":"https:\/\/api.w.org\/{rel}","templated":true}]}}