{"id":5789,"date":"2024-04-26T10:29:24","date_gmt":"2024-04-26T10:29:24","guid":{"rendered":"https:\/\/institutodependencia.edu.es\/?post_type=product&#038;p=5789"},"modified":"2026-03-02T15:54:31","modified_gmt":"2026-03-02T15:54:31","slug":"liderazgo-humanizado-en-atencion-sociosanitaria","status":"publish","type":"product","link":"https:\/\/institutodependencia.edu.es\/pt\/product\/liderazgo-humanizado-en-atencion-sociosanitaria\/","title":{"rendered":"Lideran\u00e7a humanizada em cuidados sociais e de sa\u00fade"},"content":{"rendered":"<p>Neste treinamento voc\u00ea ir\u00e1 mergulhar nas atitudes fundamentais para uma lideran\u00e7a que humaniza. Voc\u00ea descobrir\u00e1 os segredos para ser um bom l\u00edder e, ao mesmo tempo, um colaborador comprometido na perspectiva da humaniza\u00e7\u00e3o. Al\u00e9m disso, voc\u00ea explorar\u00e1 o Aconselhamento como modelo de lideran\u00e7a, fornecendo ferramentas pr\u00e1ticas para melhorar a intera\u00e7\u00e3o e a din\u00e2mica da equipe.<\/p>\n<p>Voc\u00ea entender\u00e1 como as emo\u00e7\u00f5es atuam como impulsionadores cont\u00ednuos do comportamento e adquirir\u00e1 orienta\u00e7\u00f5es eficazes para enfrentar situa\u00e7\u00f5es dif\u00edceis com empatia e resili\u00eancia. Voc\u00ea aprender\u00e1 ferramentas promocionais para uma comunica\u00e7\u00e3o saud\u00e1vel. Voc\u00ea explorar\u00e1 como gerenciar a comunica\u00e7\u00e3o do l\u00edder em situa\u00e7\u00f5es simples e conflituosas no contexto s\u00f3cio-sa\u00fade, aperfei\u00e7oando suas habilidades para construir relacionamentos positivos e eficazes.<\/p>\n<p>Este curso convida voc\u00ea a liderar com uma perspectiva humanizada, transformando seu estilo de lideran\u00e7a e fortalecendo a colabora\u00e7\u00e3o e a coes\u00e3o em sua equipe. Junte-se a n\u00f3s e fa\u00e7a a diferen\u00e7a na \u00e1rea social e de sa\u00fade!<\/p>","protected":false},"excerpt":{"rendered":"<p>Descubra o caminho para uma lideran\u00e7a transformadora e humanizada. Voc\u00ea explorar\u00e1 minuciosamente o que significa humanizar a lideran\u00e7a, desafiando e desaprendendo estilos pr\u00e9-existentes. Voc\u00ea entender\u00e1 o conceito de humaniza\u00e7\u00e3o e a miss\u00e3o do l\u00edder na equipe, realizando uma autoexplora\u00e7\u00e3o do seu pr\u00f3prio estilo de lideran\u00e7a e analisar\u00e1 os impactos nas pessoas e aprender\u00e1 li\u00e7\u00f5es valiosas sobre estilos a desaprender para fomentar pessoas mais eficazes e necessidades de lideran\u00e7a centradas nos colaboradores.<\/p>","protected":false},"featured_media":5791,"comment_status":"open","ping_status":"closed","template":"","meta":{"_jf_limit_responses":"","codigo-producto":"2211-A","costo-gestion":"9.08"},"product_brand":[],"product_cat":[33],"product_tag":[],"class_list":{"0":"post-5789","1":"product","2":"type-product","3":"status-publish","4":"has-post-thumbnail","6":"product_cat-programado","8":"first","9":"instock","10":"virtual","11":"purchasable","12":"product-type-simple"},"_links":{"self":[{"href":"https:\/\/institutodependencia.edu.es\/pt\/wp-json\/wp\/v2\/product\/5789","targetHints":{"allow":["GET"]}}],"collection":[{"href":"https:\/\/institutodependencia.edu.es\/pt\/wp-json\/wp\/v2\/product"}],"about":[{"href":"https:\/\/institutodependencia.edu.es\/pt\/wp-json\/wp\/v2\/types\/product"}],"replies":[{"embeddable":true,"href":"https:\/\/institutodependencia.edu.es\/pt\/wp-json\/wp\/v2\/comments?post=5789"}],"version-history":[{"count":3,"href":"https:\/\/institutodependencia.edu.es\/pt\/wp-json\/wp\/v2\/product\/5789\/revisions"}],"predecessor-version":[{"id":7115,"href":"https:\/\/institutodependencia.edu.es\/pt\/wp-json\/wp\/v2\/product\/5789\/revisions\/7115"}],"wp:featuredmedia":[{"embeddable":true,"href":"https:\/\/institutodependencia.edu.es\/pt\/wp-json\/wp\/v2\/media\/5791"}],"wp:attachment":[{"href":"https:\/\/institutodependencia.edu.es\/pt\/wp-json\/wp\/v2\/media?parent=5789"}],"wp:term":[{"taxonomy":"product_brand","embeddable":true,"href":"https:\/\/institutodependencia.edu.es\/pt\/wp-json\/wp\/v2\/product_brand?post=5789"},{"taxonomy":"product_cat","embeddable":true,"href":"https:\/\/institutodependencia.edu.es\/pt\/wp-json\/wp\/v2\/product_cat?post=5789"},{"taxonomy":"product_tag","embeddable":true,"href":"https:\/\/institutodependencia.edu.es\/pt\/wp-json\/wp\/v2\/product_tag?post=5789"}],"curies":[{"name":"wp","href":"https:\/\/api.w.org\/{rel}","templated":true}]}}