{"id":5125,"date":"2024-04-15T15:04:54","date_gmt":"2024-04-15T15:04:54","guid":{"rendered":"https:\/\/institutodependencia.edu.es\/?post_type=product&#038;p=5125"},"modified":"2024-09-10T09:10:53","modified_gmt":"2024-09-10T09:10:53","slug":"diseno-de-actividades-y-proyectos-significativos","status":"publish","type":"product","link":"https:\/\/institutodependencia.edu.es\/pt\/product\/diseno-de-actividades-y-proyectos-significativos\/","title":{"rendered":"Desenho de atividades e projetos significativos"},"content":{"rendered":"","protected":false},"excerpt":{"rendered":"<p>Descubra como a abordagem do Cuidado Centrado na Pessoa orienta a concep\u00e7\u00e3o de atividades e projetos de vida que n\u00e3o apenas atendam \u00e0s necessidades f\u00edsicas das pessoas, mas tamb\u00e9m celebrem a individualidade, promovam a autonomia e promovam o bem-estar emocional e social.<\/p>\n<p>Tamb\u00e9m exploraremos como enfrentar os desafios emergentes, desde servir pessoas com necessidades diversas at\u00e9 incorporar tecnologias inovadoras.<\/p>","protected":false},"featured_media":5126,"comment_status":"open","ping_status":"closed","template":"","meta":{"_jf_limit_responses":"","codigo-producto":"2281-A","costo-gestion":"10.89"},"product_brand":[],"product_cat":[33],"product_tag":[],"class_list":{"0":"post-5125","1":"product","2":"type-product","3":"status-publish","4":"has-post-thumbnail","6":"product_cat-programado","8":"first","9":"instock","10":"virtual","11":"purchasable","12":"product-type-simple"},"_links":{"self":[{"href":"https:\/\/institutodependencia.edu.es\/pt\/wp-json\/wp\/v2\/product\/5125","targetHints":{"allow":["GET"]}}],"collection":[{"href":"https:\/\/institutodependencia.edu.es\/pt\/wp-json\/wp\/v2\/product"}],"about":[{"href":"https:\/\/institutodependencia.edu.es\/pt\/wp-json\/wp\/v2\/types\/product"}],"replies":[{"embeddable":true,"href":"https:\/\/institutodependencia.edu.es\/pt\/wp-json\/wp\/v2\/comments?post=5125"}],"version-history":[{"count":1,"href":"https:\/\/institutodependencia.edu.es\/pt\/wp-json\/wp\/v2\/product\/5125\/revisions"}],"predecessor-version":[{"id":5127,"href":"https:\/\/institutodependencia.edu.es\/pt\/wp-json\/wp\/v2\/product\/5125\/revisions\/5127"}],"wp:featuredmedia":[{"embeddable":true,"href":"https:\/\/institutodependencia.edu.es\/pt\/wp-json\/wp\/v2\/media\/5126"}],"wp:attachment":[{"href":"https:\/\/institutodependencia.edu.es\/pt\/wp-json\/wp\/v2\/media?parent=5125"}],"wp:term":[{"taxonomy":"product_brand","embeddable":true,"href":"https:\/\/institutodependencia.edu.es\/pt\/wp-json\/wp\/v2\/product_brand?post=5125"},{"taxonomy":"product_cat","embeddable":true,"href":"https:\/\/institutodependencia.edu.es\/pt\/wp-json\/wp\/v2\/product_cat?post=5125"},{"taxonomy":"product_tag","embeddable":true,"href":"https:\/\/institutodependencia.edu.es\/pt\/wp-json\/wp\/v2\/product_tag?post=5125"}],"curies":[{"name":"wp","href":"https:\/\/api.w.org\/{rel}","templated":true}]}}