{"id":2545,"date":"2024-04-09T18:59:09","date_gmt":"2024-04-09T18:59:09","guid":{"rendered":"https:\/\/institutodependencia.edu.es\/product\/introduccion-a-la-bioetica-en-instituciones-sociosanitarias\/"},"modified":"2024-05-27T14:30:11","modified_gmt":"2024-05-27T14:30:11","slug":"introduccion-a-la-bioetica-en-instituciones-sociosanitarias","status":"publish","type":"product","link":"https:\/\/institutodependencia.edu.es\/pt\/product\/introduccion-a-la-bioetica-en-instituciones-sociosanitarias\/","title":{"rendered":"Introdu\u00e7\u00e3o \u00e0 bio\u00e9tica em institui\u00e7\u00f5es sociais e de sa\u00fade"},"content":{"rendered":"","protected":false},"excerpt":{"rendered":"<p>Com este curso poder\u00e1 integrar no seu trabalho a dimens\u00e3o \u00e9tica no cuidado de pessoas dependentes institucionalizadas, conhecer os \u201cprinc\u00edpios da bio\u00e9tica\u201d aplicados ao cuidado, aprender\u00e1 a identificar os problemas \u00e9ticos que surgem na pr\u00e1tica profissional e voc\u00ea conhecer\u00e1 a metodologia e suas ferramentas de an\u00e1lise.<\/p>","protected":false},"featured_media":2821,"comment_status":"open","ping_status":"closed","template":"","meta":{"_jf_limit_responses":"","codigo-producto":"2078-A","costo-gestion":"9.07"},"product_brand":[],"product_cat":[33],"product_tag":[],"class_list":{"0":"post-2545","1":"product","2":"type-product","3":"status-publish","4":"has-post-thumbnail","6":"product_cat-programado","8":"first","9":"instock","10":"virtual","11":"purchasable","12":"product-type-simple"},"_links":{"self":[{"href":"https:\/\/institutodependencia.edu.es\/pt\/wp-json\/wp\/v2\/product\/2545","targetHints":{"allow":["GET"]}}],"collection":[{"href":"https:\/\/institutodependencia.edu.es\/pt\/wp-json\/wp\/v2\/product"}],"about":[{"href":"https:\/\/institutodependencia.edu.es\/pt\/wp-json\/wp\/v2\/types\/product"}],"replies":[{"embeddable":true,"href":"https:\/\/institutodependencia.edu.es\/pt\/wp-json\/wp\/v2\/comments?post=2545"}],"version-history":[{"count":2,"href":"https:\/\/institutodependencia.edu.es\/pt\/wp-json\/wp\/v2\/product\/2545\/revisions"}],"predecessor-version":[{"id":5136,"href":"https:\/\/institutodependencia.edu.es\/pt\/wp-json\/wp\/v2\/product\/2545\/revisions\/5136"}],"wp:featuredmedia":[{"embeddable":true,"href":"https:\/\/institutodependencia.edu.es\/pt\/wp-json\/wp\/v2\/media\/2821"}],"wp:attachment":[{"href":"https:\/\/institutodependencia.edu.es\/pt\/wp-json\/wp\/v2\/media?parent=2545"}],"wp:term":[{"taxonomy":"product_brand","embeddable":true,"href":"https:\/\/institutodependencia.edu.es\/pt\/wp-json\/wp\/v2\/product_brand?post=2545"},{"taxonomy":"product_cat","embeddable":true,"href":"https:\/\/institutodependencia.edu.es\/pt\/wp-json\/wp\/v2\/product_cat?post=2545"},{"taxonomy":"product_tag","embeddable":true,"href":"https:\/\/institutodependencia.edu.es\/pt\/wp-json\/wp\/v2\/product_tag?post=2545"}],"curies":[{"name":"wp","href":"https:\/\/api.w.org\/{rel}","templated":true}]}}