{"id":2542,"date":"2024-04-09T18:59:08","date_gmt":"2024-04-09T18:59:08","guid":{"rendered":"https:\/\/institutodependencia.edu.es\/product\/resiplus-perfil-de-direccion\/"},"modified":"2025-07-10T12:29:43","modified_gmt":"2025-07-10T12:29:43","slug":"resiplus-perfil-de-direccion","status":"publish","type":"product","link":"https:\/\/institutodependencia.edu.es\/pt\/product\/resiplus-perfil-de-direccion\/","title":{"rendered":"Perfil de endere\u00e7o ResiPlus"},"content":{"rendered":"<p>ResiPlus\u00ae \u00e9 uma ferramenta de gest\u00e3o abrangente que permite aos centros fazer um registo personalizado e ter o controlo das tarefas di\u00e1rias realizadas por toda a equipa de forma simples e din\u00e2mica.<\/p>\n<p>Por ser um programa multidisciplinar facilita a comunica\u00e7\u00e3o, permitindo um fluxo constante e atualizado de informa\u00e7\u00f5es sobre o morador\/usu\u00e1rio.<\/p>","protected":false},"excerpt":{"rendered":"<p>Adquira as compet\u00eancias b\u00e1sicas para utilizar a ferramenta de gest\u00e3o ResiPlus realizando este curso de forma\u00e7\u00e3o, dirigido ao perfil de gest\u00e3o.<\/p>","protected":false},"featured_media":5069,"comment_status":"open","ping_status":"closed","template":"","meta":{"_jf_limit_responses":"","codigo-producto":"2226-A","costo-gestion":"6.50"},"product_brand":[],"product_cat":[33],"product_tag":[],"class_list":{"0":"post-2542","1":"product","2":"type-product","3":"status-publish","4":"has-post-thumbnail","6":"product_cat-programado","8":"first","9":"instock","10":"virtual","11":"purchasable","12":"product-type-simple"},"_links":{"self":[{"href":"https:\/\/institutodependencia.edu.es\/pt\/wp-json\/wp\/v2\/product\/2542","targetHints":{"allow":["GET"]}}],"collection":[{"href":"https:\/\/institutodependencia.edu.es\/pt\/wp-json\/wp\/v2\/product"}],"about":[{"href":"https:\/\/institutodependencia.edu.es\/pt\/wp-json\/wp\/v2\/types\/product"}],"replies":[{"embeddable":true,"href":"https:\/\/institutodependencia.edu.es\/pt\/wp-json\/wp\/v2\/comments?post=2542"}],"version-history":[{"count":3,"href":"https:\/\/institutodependencia.edu.es\/pt\/wp-json\/wp\/v2\/product\/2542\/revisions"}],"predecessor-version":[{"id":5993,"href":"https:\/\/institutodependencia.edu.es\/pt\/wp-json\/wp\/v2\/product\/2542\/revisions\/5993"}],"wp:featuredmedia":[{"embeddable":true,"href":"https:\/\/institutodependencia.edu.es\/pt\/wp-json\/wp\/v2\/media\/5069"}],"wp:attachment":[{"href":"https:\/\/institutodependencia.edu.es\/pt\/wp-json\/wp\/v2\/media?parent=2542"}],"wp:term":[{"taxonomy":"product_brand","embeddable":true,"href":"https:\/\/institutodependencia.edu.es\/pt\/wp-json\/wp\/v2\/product_brand?post=2542"},{"taxonomy":"product_cat","embeddable":true,"href":"https:\/\/institutodependencia.edu.es\/pt\/wp-json\/wp\/v2\/product_cat?post=2542"},{"taxonomy":"product_tag","embeddable":true,"href":"https:\/\/institutodependencia.edu.es\/pt\/wp-json\/wp\/v2\/product_tag?post=2542"}],"curies":[{"name":"wp","href":"https:\/\/api.w.org\/{rel}","templated":true}]}}