{"id":2540,"date":"2024-04-09T18:59:08","date_gmt":"2024-04-09T18:59:08","guid":{"rendered":"https:\/\/institutodependencia.edu.es\/product\/programa-para-el-cuidado-integral-de-los-menores-de-edad\/"},"modified":"2024-05-27T14:22:18","modified_gmt":"2024-05-27T14:22:18","slug":"programa-para-el-cuidado-integral-de-los-menores-de-edad","status":"publish","type":"product","link":"https:\/\/institutodependencia.edu.es\/pt\/product\/programa-para-el-cuidado-integral-de-los-menores-de-edad\/","title":{"rendered":"Programa de aten\u00e7\u00e3o integral a menores"},"content":{"rendered":"<p>O programa de forma\u00e7\u00e3o \u00e9 apresentado em formato Masterclass. Uma Masterclass \u00e9 uma aula virtual presencial, onde um especialista no assunto explica o tema de cada sess\u00e3o por meio de um v\u00eddeo de treinamento.<\/p>\n<p>Com este programa voc\u00ea poder\u00e1 acessar 25 masterclasses (videoaulas) especializadas no atendimento integral da sa\u00fade f\u00edsica e mental de menores.<\/p>\n<p>Treinamento aprovado pela Universidade Internacional de La Rioja (UNIR).<\/p>","protected":false},"excerpt":{"rendered":"<p>Com este programa aprenderemos a cuidar da sa\u00fade das crian\u00e7as menores de 18 anos atrav\u00e9s do conhecimento das doen\u00e7as comuns na idade escolar e como preveni-las.<\/p>\n<p>Al\u00e9m disso, estudaremos diversas quest\u00f5es relacionadas \u00e0 intelig\u00eancia emocional, psicologia, nutri\u00e7\u00e3o e problemas sociais na adolesc\u00eancia.<\/p>","protected":false},"featured_media":2678,"comment_status":"open","ping_status":"closed","template":"","meta":{"_jf_limit_responses":"","codigo-producto":"SUP010","costo-gestion":"29"},"product_brand":[],"product_cat":[33],"product_tag":[],"class_list":{"0":"post-2540","1":"product","2":"type-product","3":"status-publish","4":"has-post-thumbnail","6":"product_cat-programado","8":"first","9":"instock","10":"virtual","11":"purchasable","12":"product-type-simple"},"_links":{"self":[{"href":"https:\/\/institutodependencia.edu.es\/pt\/wp-json\/wp\/v2\/product\/2540","targetHints":{"allow":["GET"]}}],"collection":[{"href":"https:\/\/institutodependencia.edu.es\/pt\/wp-json\/wp\/v2\/product"}],"about":[{"href":"https:\/\/institutodependencia.edu.es\/pt\/wp-json\/wp\/v2\/types\/product"}],"replies":[{"embeddable":true,"href":"https:\/\/institutodependencia.edu.es\/pt\/wp-json\/wp\/v2\/comments?post=2540"}],"version-history":[{"count":5,"href":"https:\/\/institutodependencia.edu.es\/pt\/wp-json\/wp\/v2\/product\/2540\/revisions"}],"predecessor-version":[{"id":5990,"href":"https:\/\/institutodependencia.edu.es\/pt\/wp-json\/wp\/v2\/product\/2540\/revisions\/5990"}],"wp:featuredmedia":[{"embeddable":true,"href":"https:\/\/institutodependencia.edu.es\/pt\/wp-json\/wp\/v2\/media\/2678"}],"wp:attachment":[{"href":"https:\/\/institutodependencia.edu.es\/pt\/wp-json\/wp\/v2\/media?parent=2540"}],"wp:term":[{"taxonomy":"product_brand","embeddable":true,"href":"https:\/\/institutodependencia.edu.es\/pt\/wp-json\/wp\/v2\/product_brand?post=2540"},{"taxonomy":"product_cat","embeddable":true,"href":"https:\/\/institutodependencia.edu.es\/pt\/wp-json\/wp\/v2\/product_cat?post=2540"},{"taxonomy":"product_tag","embeddable":true,"href":"https:\/\/institutodependencia.edu.es\/pt\/wp-json\/wp\/v2\/product_tag?post=2540"}],"curies":[{"name":"wp","href":"https:\/\/api.w.org\/{rel}","templated":true}]}}