{"id":2537,"date":"2024-04-09T18:59:07","date_gmt":"2024-04-09T18:59:07","guid":{"rendered":"https:\/\/institutodependencia.edu.es\/product\/masterclass-estimulacion-multisensorial-metodo-glenn-doman\/"},"modified":"2025-05-06T07:34:23","modified_gmt":"2025-05-06T07:34:23","slug":"masterclass-estimulacion-multisensorial-metodo-glenn-doman","status":"publish","type":"product","link":"https:\/\/institutodependencia.edu.es\/pt\/product\/masterclass-estimulacion-multisensorial-metodo-glenn-doman\/","title":{"rendered":"Masterclass Estimula\u00e7\u00e3o Multissensorial: M\u00e9todo Glenn Doman"},"content":{"rendered":"","protected":false},"excerpt":{"rendered":"<p>O m\u00e9todo Glenn Doman \u00e9 um m\u00e9todo de estimula\u00e7\u00e3o infantil desde o nascimento que abrange as \u00e1reas motora, sensorial e intelectual.<\/p>\n<p>Embora o m\u00e9todo tenha nascido para ajudar na recupera\u00e7\u00e3o de habilidades, sua expans\u00e3o o levou a ser utilizado em beb\u00eas saud\u00e1veis em programas de estimula\u00e7\u00e3o intelectual, com resultados espetaculares.<\/p>","protected":false},"featured_media":5146,"comment_status":"open","ping_status":"closed","template":"","meta":{"_jf_limit_responses":"","codigo-producto":"SUP007","costo-gestion":""},"product_brand":[],"product_cat":[33],"product_tag":[],"class_list":{"0":"post-2537","1":"product","2":"type-product","3":"status-publish","4":"has-post-thumbnail","6":"product_cat-programado","8":"first","9":"instock","10":"shipping-taxable","11":"purchasable","12":"product-type-simple"},"_links":{"self":[{"href":"https:\/\/institutodependencia.edu.es\/pt\/wp-json\/wp\/v2\/product\/2537","targetHints":{"allow":["GET"]}}],"collection":[{"href":"https:\/\/institutodependencia.edu.es\/pt\/wp-json\/wp\/v2\/product"}],"about":[{"href":"https:\/\/institutodependencia.edu.es\/pt\/wp-json\/wp\/v2\/types\/product"}],"replies":[{"embeddable":true,"href":"https:\/\/institutodependencia.edu.es\/pt\/wp-json\/wp\/v2\/comments?post=2537"}],"version-history":[{"count":3,"href":"https:\/\/institutodependencia.edu.es\/pt\/wp-json\/wp\/v2\/product\/2537\/revisions"}],"predecessor-version":[{"id":6132,"href":"https:\/\/institutodependencia.edu.es\/pt\/wp-json\/wp\/v2\/product\/2537\/revisions\/6132"}],"wp:featuredmedia":[{"embeddable":true,"href":"https:\/\/institutodependencia.edu.es\/pt\/wp-json\/wp\/v2\/media\/5146"}],"wp:attachment":[{"href":"https:\/\/institutodependencia.edu.es\/pt\/wp-json\/wp\/v2\/media?parent=2537"}],"wp:term":[{"taxonomy":"product_brand","embeddable":true,"href":"https:\/\/institutodependencia.edu.es\/pt\/wp-json\/wp\/v2\/product_brand?post=2537"},{"taxonomy":"product_cat","embeddable":true,"href":"https:\/\/institutodependencia.edu.es\/pt\/wp-json\/wp\/v2\/product_cat?post=2537"},{"taxonomy":"product_tag","embeddable":true,"href":"https:\/\/institutodependencia.edu.es\/pt\/wp-json\/wp\/v2\/product_tag?post=2537"}],"curies":[{"name":"wp","href":"https:\/\/api.w.org\/{rel}","templated":true}]}}