{"id":2536,"date":"2024-04-09T18:59:07","date_gmt":"2024-04-09T18:59:07","guid":{"rendered":"https:\/\/institutodependencia.edu.es\/product\/programa-experto-en-el-trastorno-del-deficit-de-atencion-e-hiperactividad-tdah\/"},"modified":"2024-05-27T14:19:03","modified_gmt":"2024-05-27T14:19:03","slug":"programa-experto-en-el-trastorno-del-deficit-de-atencion-e-hiperactividad-tdah","status":"publish","type":"product","link":"https:\/\/institutodependencia.edu.es\/pt\/product\/programa-experto-en-el-trastorno-del-deficit-de-atencion-e-hiperactividad-tdah\/","title":{"rendered":"Programa especializado em Transtorno de D\u00e9ficit de Aten\u00e7\u00e3o e Hiperatividade (TDAH)"},"content":{"rendered":"<p>O Transtorno de D\u00e9ficit de Aten\u00e7\u00e3o e Hiperatividade \u00e9 um dist\u00farbio comportamental que geralmente aparece na inf\u00e2ncia. Nesta forma\u00e7\u00e3o iremos aprofundar o nosso conhecimento sobre esta perturba\u00e7\u00e3o bem como fornecer estrat\u00e9gias e ferramentas para agir e cuidar de uma pessoa com TDAH.<\/p>\n<p>Este programa dirige-se tanto a cuidadores familiares que t\u00eam uma pessoa com TDAH em casa, a fim de melhorar os seus conhecimentos e cuidados, como a cuidadores profissionais e pessoal de sa\u00fade social que sentem necessidade de adquirir maiores conhecimentos para desempenhar melhor o seu trabalho e para qualquer pessoa que queira saber sobre esse transtorno.<\/p>\n<p>O programa de forma\u00e7\u00e3o \u00e9 apresentado em formato Masterclass. Uma Masterclass \u00e9 uma aula virtual presencial, onde um especialista no assunto explica o tema de cada sess\u00e3o por meio de um v\u00eddeo de treinamento.<\/p>\n<p>Programa endossado pela Universidade Internacional de La Rioja<\/p>","protected":false},"excerpt":{"rendered":"<p>Neste programa conheceremos os sintomas da doen\u00e7a que afetam o desenvolvimento da vida e o comportamento escolar e social. Aprenderemos a tratar o paciente como seu pr\u00f3prio cuidador. Bem como, detectar a doen\u00e7a, compreend\u00ea-la e enfrent\u00e1-la entre todos os envolvidos: paciente, familiares, amigos, colegas, etc.<\/p>","protected":false},"featured_media":2639,"comment_status":"open","ping_status":"closed","template":"","meta":{"_jf_limit_responses":"","codigo-producto":"SUP006","costo-gestion":"24"},"product_brand":[],"product_cat":[33],"product_tag":[],"class_list":{"0":"post-2536","1":"product","2":"type-product","3":"status-publish","4":"has-post-thumbnail","6":"product_cat-programado","8":"first","9":"instock","10":"virtual","11":"purchasable","12":"product-type-simple"},"_links":{"self":[{"href":"https:\/\/institutodependencia.edu.es\/pt\/wp-json\/wp\/v2\/product\/2536","targetHints":{"allow":["GET"]}}],"collection":[{"href":"https:\/\/institutodependencia.edu.es\/pt\/wp-json\/wp\/v2\/product"}],"about":[{"href":"https:\/\/institutodependencia.edu.es\/pt\/wp-json\/wp\/v2\/types\/product"}],"replies":[{"embeddable":true,"href":"https:\/\/institutodependencia.edu.es\/pt\/wp-json\/wp\/v2\/comments?post=2536"}],"version-history":[{"count":4,"href":"https:\/\/institutodependencia.edu.es\/pt\/wp-json\/wp\/v2\/product\/2536\/revisions"}],"predecessor-version":[{"id":5995,"href":"https:\/\/institutodependencia.edu.es\/pt\/wp-json\/wp\/v2\/product\/2536\/revisions\/5995"}],"wp:featuredmedia":[{"embeddable":true,"href":"https:\/\/institutodependencia.edu.es\/pt\/wp-json\/wp\/v2\/media\/2639"}],"wp:attachment":[{"href":"https:\/\/institutodependencia.edu.es\/pt\/wp-json\/wp\/v2\/media?parent=2536"}],"wp:term":[{"taxonomy":"product_brand","embeddable":true,"href":"https:\/\/institutodependencia.edu.es\/pt\/wp-json\/wp\/v2\/product_brand?post=2536"},{"taxonomy":"product_cat","embeddable":true,"href":"https:\/\/institutodependencia.edu.es\/pt\/wp-json\/wp\/v2\/product_cat?post=2536"},{"taxonomy":"product_tag","embeddable":true,"href":"https:\/\/institutodependencia.edu.es\/pt\/wp-json\/wp\/v2\/product_tag?post=2536"}],"curies":[{"name":"wp","href":"https:\/\/api.w.org\/{rel}","templated":true}]}}