{"id":2535,"date":"2024-04-09T18:59:07","date_gmt":"2024-04-09T18:59:07","guid":{"rendered":"https:\/\/institutodependencia.edu.es\/product\/programa-experto-en-el-trastorno-del-expectro-autista-tea\/"},"modified":"2024-05-27T14:20:44","modified_gmt":"2024-05-27T14:20:44","slug":"programa-experto-en-el-trastorno-del-expectro-autista-tea","status":"publish","type":"product","link":"https:\/\/institutodependencia.edu.es\/pt\/product\/programa-experto-en-el-trastorno-del-expectro-autista-tea\/","title":{"rendered":"Programa de especializa\u00e7\u00e3o em Transtorno Expectante de Autismo (TEA)"},"content":{"rendered":"<p>O programa de forma\u00e7\u00e3o \u00e9 apresentado em formato Masterclass. Uma Masterclass \u00e9 uma aula virtual presencial, onde um especialista no assunto explica o tema de cada sess\u00e3o por meio de um v\u00eddeo de treinamento.<\/p>\n<p>Treinamento aprovado pela Universidade Internacional de La Rioja (UNIR).<\/p>","protected":false},"excerpt":{"rendered":"<p>No programa a seguir veremos as bases necess\u00e1rias para conhecer as orienta\u00e7\u00f5es e a\u00e7\u00f5es mais adequadas para interagir com pessoas que sofrem de transtorno do espectro do autismo (TEA), cujo termo define aquelas pessoas que sofrem de dist\u00farbios em suas habilidades de comunica\u00e7\u00e3o e relacionamento com outras pessoas. . pessoas.<\/p>","protected":false},"featured_media":2649,"comment_status":"open","ping_status":"closed","template":"","meta":{"_jf_limit_responses":"","codigo-producto":"SUP005","costo-gestion":"15"},"product_brand":[],"product_cat":[33],"product_tag":[],"class_list":{"0":"post-2535","1":"product","2":"type-product","3":"status-publish","4":"has-post-thumbnail","6":"product_cat-programado","8":"first","9":"instock","10":"shipping-taxable","11":"purchasable","12":"product-type-simple"},"_links":{"self":[{"href":"https:\/\/institutodependencia.edu.es\/pt\/wp-json\/wp\/v2\/product\/2535","targetHints":{"allow":["GET"]}}],"collection":[{"href":"https:\/\/institutodependencia.edu.es\/pt\/wp-json\/wp\/v2\/product"}],"about":[{"href":"https:\/\/institutodependencia.edu.es\/pt\/wp-json\/wp\/v2\/types\/product"}],"replies":[{"embeddable":true,"href":"https:\/\/institutodependencia.edu.es\/pt\/wp-json\/wp\/v2\/comments?post=2535"}],"version-history":[{"count":3,"href":"https:\/\/institutodependencia.edu.es\/pt\/wp-json\/wp\/v2\/product\/2535\/revisions"}],"predecessor-version":[{"id":5996,"href":"https:\/\/institutodependencia.edu.es\/pt\/wp-json\/wp\/v2\/product\/2535\/revisions\/5996"}],"wp:featuredmedia":[{"embeddable":true,"href":"https:\/\/institutodependencia.edu.es\/pt\/wp-json\/wp\/v2\/media\/2649"}],"wp:attachment":[{"href":"https:\/\/institutodependencia.edu.es\/pt\/wp-json\/wp\/v2\/media?parent=2535"}],"wp:term":[{"taxonomy":"product_brand","embeddable":true,"href":"https:\/\/institutodependencia.edu.es\/pt\/wp-json\/wp\/v2\/product_brand?post=2535"},{"taxonomy":"product_cat","embeddable":true,"href":"https:\/\/institutodependencia.edu.es\/pt\/wp-json\/wp\/v2\/product_cat?post=2535"},{"taxonomy":"product_tag","embeddable":true,"href":"https:\/\/institutodependencia.edu.es\/pt\/wp-json\/wp\/v2\/product_tag?post=2535"}],"curies":[{"name":"wp","href":"https:\/\/api.w.org\/{rel}","templated":true}]}}