{"id":2532,"date":"2024-04-09T18:59:06","date_gmt":"2024-04-09T18:59:06","guid":{"rendered":"https:\/\/institutodependencia.edu.es\/product\/plan-de-atencion-y-vida\/"},"modified":"2024-09-05T07:13:19","modified_gmt":"2024-09-05T07:13:19","slug":"plan-de-atencion-y-vida","status":"publish","type":"product","link":"https:\/\/institutodependencia.edu.es\/pt\/product\/plan-de-atencion-y-vida\/","title":{"rendered":"Cuidado e Plano de Vida"},"content":{"rendered":"<p>Este treinamento ir\u00e1 imergir voc\u00ea no processo de Cuidado e Plano de Vida, ensinando-o a ativar projetos de vida significativos por meio de atividades di\u00e1rias que conectam cada pessoa com sua identidade, valores e objetivos pessoais.<\/p>","protected":false},"excerpt":{"rendered":"<p>No planejamento e na presta\u00e7\u00e3o do cuidado \u00e9 fundamental reconhecer a singularidade de cada indiv\u00edduo com suas necessidades e objetivos pr\u00f3prios.<\/p>\n<p>Explore o Plano de Cuidados e Vida, uma metodologia avan\u00e7ada de Cuidado Centrado na Pessoa, essencial para a presta\u00e7\u00e3o de cuidados personalizados no contexto dos cuidados de longa dura\u00e7\u00e3o.<\/p>","protected":false},"featured_media":2654,"comment_status":"open","ping_status":"closed","template":"","meta":{"_jf_limit_responses":"","codigo-producto":"2278-A","costo-gestion":"10.89"},"product_brand":[],"product_cat":[33],"product_tag":[],"class_list":{"0":"post-2532","1":"product","2":"type-product","3":"status-publish","4":"has-post-thumbnail","6":"product_cat-programado","8":"first","9":"instock","10":"virtual","11":"purchasable","12":"product-type-simple"},"_links":{"self":[{"href":"https:\/\/institutodependencia.edu.es\/pt\/wp-json\/wp\/v2\/product\/2532","targetHints":{"allow":["GET"]}}],"collection":[{"href":"https:\/\/institutodependencia.edu.es\/pt\/wp-json\/wp\/v2\/product"}],"about":[{"href":"https:\/\/institutodependencia.edu.es\/pt\/wp-json\/wp\/v2\/types\/product"}],"replies":[{"embeddable":true,"href":"https:\/\/institutodependencia.edu.es\/pt\/wp-json\/wp\/v2\/comments?post=2532"}],"version-history":[{"count":5,"href":"https:\/\/institutodependencia.edu.es\/pt\/wp-json\/wp\/v2\/product\/2532\/revisions"}],"predecessor-version":[{"id":6784,"href":"https:\/\/institutodependencia.edu.es\/pt\/wp-json\/wp\/v2\/product\/2532\/revisions\/6784"}],"wp:featuredmedia":[{"embeddable":true,"href":"https:\/\/institutodependencia.edu.es\/pt\/wp-json\/wp\/v2\/media\/2654"}],"wp:attachment":[{"href":"https:\/\/institutodependencia.edu.es\/pt\/wp-json\/wp\/v2\/media?parent=2532"}],"wp:term":[{"taxonomy":"product_brand","embeddable":true,"href":"https:\/\/institutodependencia.edu.es\/pt\/wp-json\/wp\/v2\/product_brand?post=2532"},{"taxonomy":"product_cat","embeddable":true,"href":"https:\/\/institutodependencia.edu.es\/pt\/wp-json\/wp\/v2\/product_cat?post=2532"},{"taxonomy":"product_tag","embeddable":true,"href":"https:\/\/institutodependencia.edu.es\/pt\/wp-json\/wp\/v2\/product_tag?post=2532"}],"curies":[{"name":"wp","href":"https:\/\/api.w.org\/{rel}","templated":true}]}}