{"id":2531,"date":"2024-04-09T18:59:06","date_gmt":"2024-04-09T18:59:06","guid":{"rendered":"https:\/\/institutodependencia.edu.es\/product\/manejo-de-alteraciones-conductuales-en-personas-con-demencia\/"},"modified":"2024-09-05T07:11:27","modified_gmt":"2024-09-05T07:11:27","slug":"manejo-de-alteraciones-conductuales-en-personas-con-demencia","status":"publish","type":"product","link":"https:\/\/institutodependencia.edu.es\/pt\/product\/manejo-de-alteraciones-conductuales-en-personas-con-demencia\/","title":{"rendered":"Gest\u00e3o de altera\u00e7\u00f5es comportamentais em pessoas com dem\u00eancia"},"content":{"rendered":"","protected":false},"excerpt":{"rendered":"<p>Neste curso, exploraremos os v\u00e1rios tipos de dist\u00farbios comportamentais, adquiriremos habilidades para identificar suas causas e desenvolveremos estrat\u00e9gias e t\u00e9cnicas eficazes para prevenir, reduzir e abordar eficazmente esses comportamentos.<\/p>\n<p>As pessoas com dem\u00eancia enfrentam mudan\u00e7as no seu comportamento que podem ser desconcertantes e afetar negativamente a sua qualidade de vida e a das pessoas que as rodeiam.<\/p>","protected":false},"featured_media":4442,"comment_status":"open","ping_status":"closed","template":"","meta":{"_jf_limit_responses":"","codigo-producto":"2282-A","costo-gestion":"13.61"},"product_brand":[],"product_cat":[33],"product_tag":[],"class_list":{"0":"post-2531","1":"product","2":"type-product","3":"status-publish","4":"has-post-thumbnail","6":"product_cat-programado","8":"first","9":"instock","10":"shipping-taxable","11":"purchasable","12":"product-type-simple"},"_links":{"self":[{"href":"https:\/\/institutodependencia.edu.es\/pt\/wp-json\/wp\/v2\/product\/2531","targetHints":{"allow":["GET"]}}],"collection":[{"href":"https:\/\/institutodependencia.edu.es\/pt\/wp-json\/wp\/v2\/product"}],"about":[{"href":"https:\/\/institutodependencia.edu.es\/pt\/wp-json\/wp\/v2\/types\/product"}],"replies":[{"embeddable":true,"href":"https:\/\/institutodependencia.edu.es\/pt\/wp-json\/wp\/v2\/comments?post=2531"}],"version-history":[{"count":4,"href":"https:\/\/institutodependencia.edu.es\/pt\/wp-json\/wp\/v2\/product\/2531\/revisions"}],"predecessor-version":[{"id":6783,"href":"https:\/\/institutodependencia.edu.es\/pt\/wp-json\/wp\/v2\/product\/2531\/revisions\/6783"}],"wp:featuredmedia":[{"embeddable":true,"href":"https:\/\/institutodependencia.edu.es\/pt\/wp-json\/wp\/v2\/media\/4442"}],"wp:attachment":[{"href":"https:\/\/institutodependencia.edu.es\/pt\/wp-json\/wp\/v2\/media?parent=2531"}],"wp:term":[{"taxonomy":"product_brand","embeddable":true,"href":"https:\/\/institutodependencia.edu.es\/pt\/wp-json\/wp\/v2\/product_brand?post=2531"},{"taxonomy":"product_cat","embeddable":true,"href":"https:\/\/institutodependencia.edu.es\/pt\/wp-json\/wp\/v2\/product_cat?post=2531"},{"taxonomy":"product_tag","embeddable":true,"href":"https:\/\/institutodependencia.edu.es\/pt\/wp-json\/wp\/v2\/product_tag?post=2531"}],"curies":[{"name":"wp","href":"https:\/\/api.w.org\/{rel}","templated":true}]}}