{"id":2530,"date":"2024-04-09T18:59:06","date_gmt":"2024-04-09T18:59:06","guid":{"rendered":"https:\/\/institutodependencia.edu.es\/product\/historias-de-vida\/"},"modified":"2024-09-05T07:06:00","modified_gmt":"2024-09-05T07:06:00","slug":"historias-de-vida","status":"publish","type":"product","link":"https:\/\/institutodependencia.edu.es\/pt\/product\/historias-de-vida\/","title":{"rendered":"Hist\u00f3rias da vida"},"content":{"rendered":"<p>No campo dos cuidados, reconhecemos que uma compreens\u00e3o profunda das pessoas \u00e9 essencial para prestar cuidados de qualidade, compreendendo a sua hist\u00f3ria de vida, valores, prefer\u00eancias e desejos. Esta abordagem personalizada \u00e9 fundamental para promover projetos de vida significativos.<\/p>\n<p>Quer voc\u00ea fa\u00e7a parte de uma organiza\u00e7\u00e3o e queira incentivar o uso de Hist\u00f3rias de Vida em suas instala\u00e7\u00f5es, ou trabalhe no setor de assist\u00eancia e esteja interessado em aprender e aplicar esta metodologia, este curso foi desenvolvido especificamente para voc\u00ea!<\/p>","protected":false},"excerpt":{"rendered":"<p>Neste curso, atrav\u00e9s de uma metodologia pr\u00e1tica, voc\u00ea adquirir\u00e1 as compet\u00eancias necess\u00e1rias para implementar Hist\u00f3rias de Vida na sua pr\u00e1tica di\u00e1ria.<\/p>","protected":false},"featured_media":2698,"comment_status":"open","ping_status":"closed","template":"","meta":{"_jf_limit_responses":"","codigo-producto":"2277-A","costo-gestion":"10.89"},"product_brand":[],"product_cat":[33],"product_tag":[],"class_list":{"0":"post-2530","1":"product","2":"type-product","3":"status-publish","4":"has-post-thumbnail","6":"product_cat-programado","8":"first","9":"instock","10":"shipping-taxable","11":"purchasable","12":"product-type-simple"},"_links":{"self":[{"href":"https:\/\/institutodependencia.edu.es\/pt\/wp-json\/wp\/v2\/product\/2530","targetHints":{"allow":["GET"]}}],"collection":[{"href":"https:\/\/institutodependencia.edu.es\/pt\/wp-json\/wp\/v2\/product"}],"about":[{"href":"https:\/\/institutodependencia.edu.es\/pt\/wp-json\/wp\/v2\/types\/product"}],"replies":[{"embeddable":true,"href":"https:\/\/institutodependencia.edu.es\/pt\/wp-json\/wp\/v2\/comments?post=2530"}],"version-history":[{"count":5,"href":"https:\/\/institutodependencia.edu.es\/pt\/wp-json\/wp\/v2\/product\/2530\/revisions"}],"predecessor-version":[{"id":6781,"href":"https:\/\/institutodependencia.edu.es\/pt\/wp-json\/wp\/v2\/product\/2530\/revisions\/6781"}],"wp:featuredmedia":[{"embeddable":true,"href":"https:\/\/institutodependencia.edu.es\/pt\/wp-json\/wp\/v2\/media\/2698"}],"wp:attachment":[{"href":"https:\/\/institutodependencia.edu.es\/pt\/wp-json\/wp\/v2\/media?parent=2530"}],"wp:term":[{"taxonomy":"product_brand","embeddable":true,"href":"https:\/\/institutodependencia.edu.es\/pt\/wp-json\/wp\/v2\/product_brand?post=2530"},{"taxonomy":"product_cat","embeddable":true,"href":"https:\/\/institutodependencia.edu.es\/pt\/wp-json\/wp\/v2\/product_cat?post=2530"},{"taxonomy":"product_tag","embeddable":true,"href":"https:\/\/institutodependencia.edu.es\/pt\/wp-json\/wp\/v2\/product_tag?post=2530"}],"curies":[{"name":"wp","href":"https:\/\/api.w.org\/{rel}","templated":true}]}}