{"id":2526,"date":"2024-04-09T18:59:05","date_gmt":"2024-04-09T18:59:05","guid":{"rendered":"https:\/\/institutodependencia.edu.es\/product\/una-aproximacion-a-la-salud-mental\/"},"modified":"2024-05-27T14:27:15","modified_gmt":"2024-05-27T14:27:15","slug":"una-aproximacion-a-la-salud-mental","status":"publish","type":"product","link":"https:\/\/institutodependencia.edu.es\/pt\/product\/una-aproximacion-a-la-salud-mental\/","title":{"rendered":"Uma abordagem para a sa\u00fade mental"},"content":{"rendered":"<p>A sa\u00fade mental \u00e9 um aspecto fundamental na vida de qualquer pessoa, por isso \u00e9 fundamental contar com profissionais capacitados e capacitados no cuidado e aten\u00e7\u00e3o de pessoas que sofrem com algum problema de sa\u00fade mental.<\/p>","protected":false},"excerpt":{"rendered":"<p>Com este curso de sa\u00fade mental voc\u00ea aprender\u00e1 as ferramentas necess\u00e1rias para poder oferecer um atendimento integral e de qualidade a quem dele necessita.<\/p>\n<p>Atrav\u00e9s deste curso, voc\u00ea poder\u00e1 aprender tudo o que precisa saber sobre as diferentes patologias e transtornos mentais mais comuns, bem como as t\u00e9cnicas de diagn\u00f3stico e tratamento.<\/p>","protected":false},"featured_media":2672,"comment_status":"open","ping_status":"closed","template":"","meta":{"_jf_limit_responses":"","codigo-producto":"2228-A","costo-gestion":"13.61"},"product_brand":[],"product_cat":[33],"product_tag":[],"class_list":{"0":"post-2526","1":"product","2":"type-product","3":"status-publish","4":"has-post-thumbnail","6":"product_cat-programado","8":"first","9":"instock","10":"virtual","11":"purchasable","12":"product-type-simple"},"_links":{"self":[{"href":"https:\/\/institutodependencia.edu.es\/pt\/wp-json\/wp\/v2\/product\/2526","targetHints":{"allow":["GET"]}}],"collection":[{"href":"https:\/\/institutodependencia.edu.es\/pt\/wp-json\/wp\/v2\/product"}],"about":[{"href":"https:\/\/institutodependencia.edu.es\/pt\/wp-json\/wp\/v2\/types\/product"}],"replies":[{"embeddable":true,"href":"https:\/\/institutodependencia.edu.es\/pt\/wp-json\/wp\/v2\/comments?post=2526"}],"version-history":[{"count":3,"href":"https:\/\/institutodependencia.edu.es\/pt\/wp-json\/wp\/v2\/product\/2526\/revisions"}],"predecessor-version":[{"id":6002,"href":"https:\/\/institutodependencia.edu.es\/pt\/wp-json\/wp\/v2\/product\/2526\/revisions\/6002"}],"wp:featuredmedia":[{"embeddable":true,"href":"https:\/\/institutodependencia.edu.es\/pt\/wp-json\/wp\/v2\/media\/2672"}],"wp:attachment":[{"href":"https:\/\/institutodependencia.edu.es\/pt\/wp-json\/wp\/v2\/media?parent=2526"}],"wp:term":[{"taxonomy":"product_brand","embeddable":true,"href":"https:\/\/institutodependencia.edu.es\/pt\/wp-json\/wp\/v2\/product_brand?post=2526"},{"taxonomy":"product_cat","embeddable":true,"href":"https:\/\/institutodependencia.edu.es\/pt\/wp-json\/wp\/v2\/product_cat?post=2526"},{"taxonomy":"product_tag","embeddable":true,"href":"https:\/\/institutodependencia.edu.es\/pt\/wp-json\/wp\/v2\/product_tag?post=2526"}],"curies":[{"name":"wp","href":"https:\/\/api.w.org\/{rel}","templated":true}]}}