{"id":2525,"date":"2024-04-09T18:59:05","date_gmt":"2024-04-09T18:59:05","guid":{"rendered":"https:\/\/institutodependencia.edu.es\/product\/disfagia-orofaringea-en-mayores-institucionalizados\/"},"modified":"2024-06-28T07:01:53","modified_gmt":"2024-06-28T07:01:53","slug":"disfagia-orofaringea-en-mayores-institucionalizados","status":"publish","type":"product","link":"https:\/\/institutodependencia.edu.es\/pt\/product\/disfagia-orofaringea-en-mayores-institucionalizados\/","title":{"rendered":"Disfagia orofar\u00edngea em pacientes idosos institucionalizados"},"content":{"rendered":"","protected":false},"excerpt":{"rendered":"<p>Curso destinado a profissionais de sa\u00fade.<\/p>\n<p>Este curso permitir\u00e1 que voc\u00ea aprenda a anatomia e fisiologia b\u00e1sicas envolvidas na degluti\u00e7\u00e3o, bem como a defini\u00e7\u00e3o, causas e complica\u00e7\u00f5es associadas \u00e0 disfagia orofar\u00edngea.<\/p>","protected":false},"featured_media":2685,"comment_status":"open","ping_status":"closed","template":"","meta":{"_jf_limit_responses":"","codigo-producto":"2057-A","costo-gestion":"13.61"},"product_brand":[],"product_cat":[33],"product_tag":[],"class_list":{"0":"post-2525","1":"product","2":"type-product","3":"status-publish","4":"has-post-thumbnail","6":"product_cat-programado","8":"first","9":"instock","10":"shipping-taxable","11":"purchasable","12":"product-type-simple"},"_links":{"self":[{"href":"https:\/\/institutodependencia.edu.es\/pt\/wp-json\/wp\/v2\/product\/2525","targetHints":{"allow":["GET"]}}],"collection":[{"href":"https:\/\/institutodependencia.edu.es\/pt\/wp-json\/wp\/v2\/product"}],"about":[{"href":"https:\/\/institutodependencia.edu.es\/pt\/wp-json\/wp\/v2\/types\/product"}],"replies":[{"embeddable":true,"href":"https:\/\/institutodependencia.edu.es\/pt\/wp-json\/wp\/v2\/comments?post=2525"}],"version-history":[{"count":3,"href":"https:\/\/institutodependencia.edu.es\/pt\/wp-json\/wp\/v2\/product\/2525\/revisions"}],"predecessor-version":[{"id":6459,"href":"https:\/\/institutodependencia.edu.es\/pt\/wp-json\/wp\/v2\/product\/2525\/revisions\/6459"}],"wp:featuredmedia":[{"embeddable":true,"href":"https:\/\/institutodependencia.edu.es\/pt\/wp-json\/wp\/v2\/media\/2685"}],"wp:attachment":[{"href":"https:\/\/institutodependencia.edu.es\/pt\/wp-json\/wp\/v2\/media?parent=2525"}],"wp:term":[{"taxonomy":"product_brand","embeddable":true,"href":"https:\/\/institutodependencia.edu.es\/pt\/wp-json\/wp\/v2\/product_brand?post=2525"},{"taxonomy":"product_cat","embeddable":true,"href":"https:\/\/institutodependencia.edu.es\/pt\/wp-json\/wp\/v2\/product_cat?post=2525"},{"taxonomy":"product_tag","embeddable":true,"href":"https:\/\/institutodependencia.edu.es\/pt\/wp-json\/wp\/v2\/product_tag?post=2525"}],"curies":[{"name":"wp","href":"https:\/\/api.w.org\/{rel}","templated":true}]}}