{"id":2524,"date":"2024-04-09T18:59:05","date_gmt":"2024-04-09T18:59:05","guid":{"rendered":"https:\/\/institutodependencia.edu.es\/product\/intervenciones-de-enfermeria-en-las-caidas-de-la-persona-mayor\/"},"modified":"2025-03-19T12:48:43","modified_gmt":"2025-03-19T12:48:43","slug":"intervenciones-de-enfermeria-en-las-caidas-de-la-persona-mayor","status":"publish","type":"product","link":"https:\/\/institutodependencia.edu.es\/pt\/product\/intervenciones-de-enfermeria-en-las-caidas-de-la-persona-mayor\/","title":{"rendered":"Interven\u00e7\u00f5es de enfermagem em quedas em idosos"},"content":{"rendered":"<p>El curso \u00abIntervenciones de Enfermer\u00eda en las Ca\u00eddas del Mayor\u00bb est\u00e1 dise\u00f1ado para capacitar a los profesionales de la salud en la prevenci\u00f3n, valoraci\u00f3n y manejo de ca\u00eddas en personas mayores. A trav\u00e9s de esta formaci\u00f3n, los participantes adquirir\u00e1n conocimientos sobre los factores de riesgo, los tipos de ca\u00eddas y sus consecuencias, as\u00ed como las estrategias de prevenci\u00f3n m\u00e1s efectivas. Adem\u00e1s, se abordar\u00e1 la importancia de una correcta valoraci\u00f3n de enfermer\u00eda y el uso de diagn\u00f3sticos NANDA-NIC-NOC para dise\u00f1ar intervenciones adaptadas a cada persona, promoviendo su seguridad y bienestar en entornos residenciales y hospitalarios.<\/p>","protected":false},"excerpt":{"rendered":"<p>Curso especializado en la prevenci\u00f3n y manejo de ca\u00eddas en personas mayores. Aprende a identificar factores de riesgo, aplicar escalas de valoraci\u00f3n y dise\u00f1ar intervenciones de enfermer\u00eda efectivas para mejorar la seguridad y calidad de vida del adulto mayor.<\/p>\n<p><img decoding=\"async\" class=\"alignnone size-medium wp-image-6911\" src=\"http:\/\/forotf.com\/wp-content\/uploads\/2025\/03\/Logo-versio\u2560un-horizontal-final-Healthcare-Digital-School-72-DPI-RGB-300x99.webp\" alt=\"\" width=\"300\" height=\"99\" \/><\/p>","protected":false},"featured_media":7160,"comment_status":"open","ping_status":"closed","template":"","meta":{"_jf_limit_responses":"","codigo-producto":"2056-A","costo-gestion":"13.61"},"product_brand":[],"product_cat":[33],"product_tag":[],"class_list":{"0":"post-2524","1":"product","2":"type-product","3":"status-publish","4":"has-post-thumbnail","6":"product_cat-programado","8":"first","9":"instock","10":"shipping-taxable","11":"purchasable","12":"product-type-simple"},"_links":{"self":[{"href":"https:\/\/institutodependencia.edu.es\/pt\/wp-json\/wp\/v2\/product\/2524","targetHints":{"allow":["GET"]}}],"collection":[{"href":"https:\/\/institutodependencia.edu.es\/pt\/wp-json\/wp\/v2\/product"}],"about":[{"href":"https:\/\/institutodependencia.edu.es\/pt\/wp-json\/wp\/v2\/types\/product"}],"replies":[{"embeddable":true,"href":"https:\/\/institutodependencia.edu.es\/pt\/wp-json\/wp\/v2\/comments?post=2524"}],"version-history":[{"count":4,"href":"https:\/\/institutodependencia.edu.es\/pt\/wp-json\/wp\/v2\/product\/2524\/revisions"}],"predecessor-version":[{"id":7161,"href":"https:\/\/institutodependencia.edu.es\/pt\/wp-json\/wp\/v2\/product\/2524\/revisions\/7161"}],"wp:featuredmedia":[{"embeddable":true,"href":"https:\/\/institutodependencia.edu.es\/pt\/wp-json\/wp\/v2\/media\/7160"}],"wp:attachment":[{"href":"https:\/\/institutodependencia.edu.es\/pt\/wp-json\/wp\/v2\/media?parent=2524"}],"wp:term":[{"taxonomy":"product_brand","embeddable":true,"href":"https:\/\/institutodependencia.edu.es\/pt\/wp-json\/wp\/v2\/product_brand?post=2524"},{"taxonomy":"product_cat","embeddable":true,"href":"https:\/\/institutodependencia.edu.es\/pt\/wp-json\/wp\/v2\/product_cat?post=2524"},{"taxonomy":"product_tag","embeddable":true,"href":"https:\/\/institutodependencia.edu.es\/pt\/wp-json\/wp\/v2\/product_tag?post=2524"}],"curies":[{"name":"wp","href":"https:\/\/api.w.org\/{rel}","templated":true}]}}