{"id":2520,"date":"2024-04-09T18:59:04","date_gmt":"2024-04-09T18:59:04","guid":{"rendered":"https:\/\/institutodependencia.edu.es\/product\/prevencion-del-suicidio\/"},"modified":"2024-05-27T14:16:27","modified_gmt":"2024-05-27T14:16:27","slug":"prevencion-del-suicidio","status":"publish","type":"product","link":"https:\/\/institutodependencia.edu.es\/pt\/product\/prevencion-del-suicidio\/","title":{"rendered":"Preven\u00e7\u00e3o do suic\u00eddio"},"content":{"rendered":"<p>Em Espanha ocorrem cerca de 10 mortes por dia por suic\u00eddio, o que se torna o principal motivo de morte no nosso pa\u00eds por causas externas.<\/p>\n<p>O curso aborda o problema do suic\u00eddio e do comportamento autolesivo, integrando diferentes perspectivas e fornecendo aos alunos as ferramentas necess\u00e1rias nas diferentes fases da interven\u00e7\u00e3o.<\/p>\n<p>\u00c9 importante que os profissionais conhe\u00e7am as chaves da preven\u00e7\u00e3o, interven\u00e7\u00e3o e p\u00f3s-preven\u00e7\u00e3o.<\/p>","protected":false},"excerpt":{"rendered":"<p>Com este curso intensivo de preven\u00e7\u00e3o do suic\u00eddio, aprenda a identificar sinais de alerta, compreender as causas subjacentes e adquirir habilidades pr\u00e1ticas para intervir e fornecer apoio inicial. Desenvolve a capacidade de lidar com situa\u00e7\u00f5es delicadas at\u00e9 a chegada de servi\u00e7os especializados.<\/p>","protected":false},"featured_media":2652,"comment_status":"open","ping_status":"closed","template":"","meta":{"_jf_limit_responses":"","codigo-producto":"2227-A","costo-gestion":"13.61"},"product_brand":[],"product_cat":[33],"product_tag":[],"class_list":{"0":"post-2520","1":"product","2":"type-product","3":"status-publish","4":"has-post-thumbnail","6":"product_cat-programado","8":"first","9":"instock","10":"virtual","11":"purchasable","12":"product-type-simple"},"_links":{"self":[{"href":"https:\/\/institutodependencia.edu.es\/pt\/wp-json\/wp\/v2\/product\/2520","targetHints":{"allow":["GET"]}}],"collection":[{"href":"https:\/\/institutodependencia.edu.es\/pt\/wp-json\/wp\/v2\/product"}],"about":[{"href":"https:\/\/institutodependencia.edu.es\/pt\/wp-json\/wp\/v2\/types\/product"}],"replies":[{"embeddable":true,"href":"https:\/\/institutodependencia.edu.es\/pt\/wp-json\/wp\/v2\/comments?post=2520"}],"version-history":[{"count":3,"href":"https:\/\/institutodependencia.edu.es\/pt\/wp-json\/wp\/v2\/product\/2520\/revisions"}],"predecessor-version":[{"id":6004,"href":"https:\/\/institutodependencia.edu.es\/pt\/wp-json\/wp\/v2\/product\/2520\/revisions\/6004"}],"wp:featuredmedia":[{"embeddable":true,"href":"https:\/\/institutodependencia.edu.es\/pt\/wp-json\/wp\/v2\/media\/2652"}],"wp:attachment":[{"href":"https:\/\/institutodependencia.edu.es\/pt\/wp-json\/wp\/v2\/media?parent=2520"}],"wp:term":[{"taxonomy":"product_brand","embeddable":true,"href":"https:\/\/institutodependencia.edu.es\/pt\/wp-json\/wp\/v2\/product_brand?post=2520"},{"taxonomy":"product_cat","embeddable":true,"href":"https:\/\/institutodependencia.edu.es\/pt\/wp-json\/wp\/v2\/product_cat?post=2520"},{"taxonomy":"product_tag","embeddable":true,"href":"https:\/\/institutodependencia.edu.es\/pt\/wp-json\/wp\/v2\/product_tag?post=2520"}],"curies":[{"name":"wp","href":"https:\/\/api.w.org\/{rel}","templated":true}]}}