{"id":2517,"date":"2024-04-09T18:59:04","date_gmt":"2024-04-09T18:59:04","guid":{"rendered":"https:\/\/institutodependencia.edu.es\/product\/abordaje-del-delirium-y-diagnostico-diferencial-en-residencias\/"},"modified":"2024-05-27T12:52:37","modified_gmt":"2024-05-27T12:52:37","slug":"abordaje-del-delirium-y-diagnostico-diferencial-en-residencias","status":"publish","type":"product","link":"https:\/\/institutodependencia.edu.es\/pt\/product\/abordaje-del-delirium-y-diagnostico-diferencial-en-residencias\/","title":{"rendered":"Abordagem do delirium e diagn\u00f3stico diferencial em lares de idosos"},"content":{"rendered":"<p>Delirium \u00e9 uma s\u00edndrome comum em idosos institucionalizados e hospitalizados. \u00c9 uma patologia relevante pelas complica\u00e7\u00f5es associadas, incluindo comprometimento funcional, comprometimento cognitivo e aumento da mortalidade. Esta s\u00edndrome geri\u00e1trica \u00e9 geralmente multifatorial e \u00e9 necess\u00e1rio identificar os fatores predisponentes, bem como os fatores precipitantes. O diagn\u00f3stico \u00e9 cl\u00ednico de acordo com os crit\u00e9rios do DSM V e existem diferentes ferramentas diagn\u00f3sticas, apesar das quais existe um subdiagn\u00f3stico significativo. Al\u00e9m disso, \u00e9 necess\u00e1rio diferenciar o delirium da dem\u00eancia, bem como das altera\u00e7\u00f5es associadas \u00e0 dem\u00eancia, \u00e0 depress\u00e3o e ao acidente vascular cerebral.<\/p>\n<p>Por outro lado, a preven\u00e7\u00e3o do delirium \u00e9 essencial, destacando-se as interven\u00e7\u00f5es multicomponentes n\u00e3o farmacol\u00f3gicas, especialmente naqueles pacientes com alto risco de delirium. O tratamento deve ser precoce ap\u00f3s identifica\u00e7\u00e3o da causa respons\u00e1vel, priorizando medidas n\u00e3o farmacol\u00f3gicas como incentivo \u00e0 orienta\u00e7\u00e3o, corre\u00e7\u00e3o de d\u00e9ficits visuais ou auditivos, respeito aos hor\u00e1rios e envolvimento da fam\u00edlia. Em casos espec\u00edficos, em caso de persist\u00eancia, pode-se considerar tratamento farmacol\u00f3gico espec\u00edfico e em caso de m\u00e1 evolu\u00e7\u00e3o, reavaliar a presen\u00e7a de outras causas.<\/p>","protected":false},"excerpt":{"rendered":"<p>Esta forma\u00e7\u00e3o proporciona aos participantes os conhecimentos necess\u00e1rios para compreender, diagnosticar e gerir o delirium em idosos institucionalizados. Da mesma forma, o curso busca capacitar profissionais para identificar fatores de risco, reconhecer crit\u00e9rios diagn\u00f3sticos, implementar estrat\u00e9gias n\u00e3o farmacol\u00f3gicas e utilizar medicamentos adequados em casos espec\u00edficos.<\/p>","protected":false},"featured_media":2666,"comment_status":"open","ping_status":"closed","template":"","meta":{"_jf_limit_responses":"","codigo-producto":"2051-A","costo-gestion":"13.61"},"product_brand":[],"product_cat":[33],"product_tag":[],"class_list":{"0":"post-2517","1":"product","2":"type-product","3":"status-publish","4":"has-post-thumbnail","6":"product_cat-programado","8":"first","9":"instock","10":"virtual","11":"purchasable","12":"product-type-simple"},"_links":{"self":[{"href":"https:\/\/institutodependencia.edu.es\/pt\/wp-json\/wp\/v2\/product\/2517","targetHints":{"allow":["GET"]}}],"collection":[{"href":"https:\/\/institutodependencia.edu.es\/pt\/wp-json\/wp\/v2\/product"}],"about":[{"href":"https:\/\/institutodependencia.edu.es\/pt\/wp-json\/wp\/v2\/types\/product"}],"replies":[{"embeddable":true,"href":"https:\/\/institutodependencia.edu.es\/pt\/wp-json\/wp\/v2\/comments?post=2517"}],"version-history":[{"count":4,"href":"https:\/\/institutodependencia.edu.es\/pt\/wp-json\/wp\/v2\/product\/2517\/revisions"}],"predecessor-version":[{"id":6777,"href":"https:\/\/institutodependencia.edu.es\/pt\/wp-json\/wp\/v2\/product\/2517\/revisions\/6777"}],"wp:featuredmedia":[{"embeddable":true,"href":"https:\/\/institutodependencia.edu.es\/pt\/wp-json\/wp\/v2\/media\/2666"}],"wp:attachment":[{"href":"https:\/\/institutodependencia.edu.es\/pt\/wp-json\/wp\/v2\/media?parent=2517"}],"wp:term":[{"taxonomy":"product_brand","embeddable":true,"href":"https:\/\/institutodependencia.edu.es\/pt\/wp-json\/wp\/v2\/product_brand?post=2517"},{"taxonomy":"product_cat","embeddable":true,"href":"https:\/\/institutodependencia.edu.es\/pt\/wp-json\/wp\/v2\/product_cat?post=2517"},{"taxonomy":"product_tag","embeddable":true,"href":"https:\/\/institutodependencia.edu.es\/pt\/wp-json\/wp\/v2\/product_tag?post=2517"}],"curies":[{"name":"wp","href":"https:\/\/api.w.org\/{rel}","templated":true}]}}