{"id":2511,"date":"2024-04-09T18:59:02","date_gmt":"2024-04-09T18:59:02","guid":{"rendered":"https:\/\/institutodependencia.edu.es\/product\/tecnico-en-atencion-a-personas-en-situacion-de-dependencia\/"},"modified":"2025-05-26T11:43:47","modified_gmt":"2025-05-26T11:43:47","slug":"tecnico-en-atencion-a-personas-en-situacion-de-dependencia","status":"publish","type":"product","link":"https:\/\/institutodependencia.edu.es\/pt\/product\/tecnico-en-atencion-a-personas-en-situacion-de-dependencia\/","title":{"rendered":"T\u00e9cnico em Cuidado de Pessoas em Situa\u00e7\u00e3o de Depend\u00eancia"},"content":{"rendered":"<p>Inclui a especialidade no modelo de interven\u00e7\u00e3o ACP (Person Centered Care).<\/p>\n<p>Forma\u00e7\u00e3o Profissional \u00e0 sua medida.<\/p>\n<p>Com as diferentes modalidades de realiza\u00e7\u00e3o do seu FP voc\u00ea tem diferentes op\u00e7\u00f5es.<\/p>\n<p>As modalidades BASIC, STANDARD ou PREMIUM incorporam diversos recursos \u00e0 disposi\u00e7\u00e3o dos alunos.<\/p>\n<p>A op\u00e7\u00e3o de incorporar ao projeto de forma\u00e7\u00e3o um maior n\u00famero de casos pr\u00e1ticos, videoconfer\u00eancias, tutorias personalizadas e participa\u00e7\u00e3o em f\u00f3runs ser\u00e1 adicionada dependendo da op\u00e7\u00e3o de estudo escolhida.<\/p>\n<p>Pergunte-nos os pre\u00e7os de cada um deles.<\/p>","protected":false},"excerpt":{"rendered":"<p>Descubra sua paix\u00e3o por ajudar o pr\u00f3ximo e estude para se tornar T\u00e9cnico em Cuidado de Pessoas em Situa\u00e7\u00e3o de Depend\u00eancia. Aprenda a dar apoio na higiene pessoal e no vestu\u00e1rio, promovendo a autonomia e respeitando quem precisa.<\/p>","protected":false},"featured_media":2642,"comment_status":"open","ping_status":"closed","template":"","meta":{"_jf_limit_responses":"","codigo-producto":"CES005","costo-gestion":""},"product_brand":[],"product_cat":[33],"product_tag":[],"class_list":{"0":"post-2511","1":"product","2":"type-product","3":"status-publish","4":"has-post-thumbnail","6":"product_cat-programado","8":"first","9":"instock","10":"virtual","11":"product-type-simple"},"_links":{"self":[{"href":"https:\/\/institutodependencia.edu.es\/pt\/wp-json\/wp\/v2\/product\/2511","targetHints":{"allow":["GET"]}}],"collection":[{"href":"https:\/\/institutodependencia.edu.es\/pt\/wp-json\/wp\/v2\/product"}],"about":[{"href":"https:\/\/institutodependencia.edu.es\/pt\/wp-json\/wp\/v2\/types\/product"}],"replies":[{"embeddable":true,"href":"https:\/\/institutodependencia.edu.es\/pt\/wp-json\/wp\/v2\/comments?post=2511"}],"version-history":[{"count":3,"href":"https:\/\/institutodependencia.edu.es\/pt\/wp-json\/wp\/v2\/product\/2511\/revisions"}],"predecessor-version":[{"id":6012,"href":"https:\/\/institutodependencia.edu.es\/pt\/wp-json\/wp\/v2\/product\/2511\/revisions\/6012"}],"wp:featuredmedia":[{"embeddable":true,"href":"https:\/\/institutodependencia.edu.es\/pt\/wp-json\/wp\/v2\/media\/2642"}],"wp:attachment":[{"href":"https:\/\/institutodependencia.edu.es\/pt\/wp-json\/wp\/v2\/media?parent=2511"}],"wp:term":[{"taxonomy":"product_brand","embeddable":true,"href":"https:\/\/institutodependencia.edu.es\/pt\/wp-json\/wp\/v2\/product_brand?post=2511"},{"taxonomy":"product_cat","embeddable":true,"href":"https:\/\/institutodependencia.edu.es\/pt\/wp-json\/wp\/v2\/product_cat?post=2511"},{"taxonomy":"product_tag","embeddable":true,"href":"https:\/\/institutodependencia.edu.es\/pt\/wp-json\/wp\/v2\/product_tag?post=2511"}],"curies":[{"name":"wp","href":"https:\/\/api.w.org\/{rel}","templated":true}]}}