{"id":2509,"date":"2024-04-09T18:59:02","date_gmt":"2024-04-09T18:59:02","guid":{"rendered":"https:\/\/institutodependencia.edu.es\/product\/tecnico-superior-animacion-sociocultural-y-turistica\/"},"modified":"2025-05-26T11:44:24","modified_gmt":"2025-05-26T11:44:24","slug":"tecnico-superior-animacion-sociocultural-y-turistica","status":"publish","type":"product","link":"https:\/\/institutodependencia.edu.es\/pt\/product\/tecnico-superior-animacion-sociocultural-y-turistica\/","title":{"rendered":"T\u00e9cnico Superior de Anima\u00e7\u00e3o Sociocultural e Tur\u00edstica"},"content":{"rendered":"<p>Este t\u00edtulo de forma\u00e7\u00e3o inclui uma especialidade em Anima\u00e7\u00e3o com pessoas com diversidade funcional.<\/p>\n<p>Forma\u00e7\u00e3o Profissional \u00e0 sua medida. T\u00e9cnico superior em anima\u00e7\u00e3o sociocultural.<\/p>\n<p>O CESUR oferece a possibilidade de realizar seu PF em diversas modalidades.<\/p>\n<p>As modalidades BASIC, STANDARD ou PREMIUM incorporam diversos recursos \u00e0 disposi\u00e7\u00e3o dos alunos.<\/p>\n<p>A op\u00e7\u00e3o de incorporar ao projeto de forma\u00e7\u00e3o um maior n\u00famero de casos pr\u00e1ticos, videoconfer\u00eancias, tutorias personalizadas e participa\u00e7\u00e3o em f\u00f3runs ser\u00e1 adicionada dependendo da op\u00e7\u00e3o de estudo escolhida.<\/p>\n<p>Pergunte-nos os pre\u00e7os de cada um deles.<\/p>","protected":false},"excerpt":{"rendered":"<p>Atrav\u00e9s da forma\u00e7\u00e3o em Anima\u00e7\u00e3o Sociocultural e Tur\u00edstica ter\u00e1s as compet\u00eancias necess\u00e1rias para a organiza\u00e7\u00e3o de eventos culturais. Ou seja, voc\u00ea poder\u00e1 administrar pessoas, recursos econ\u00f4micos e fazer um planejamento, com base nas necessidades de uma popula\u00e7\u00e3o, entre outros aspectos essenciais para conseguir o desenvolvimento de um projeto.<\/p>","protected":false},"featured_media":2687,"comment_status":"open","ping_status":"closed","template":"","meta":{"_jf_limit_responses":"","codigo-producto":"CES003","costo-gestion":""},"product_brand":[],"product_cat":[33],"product_tag":[],"class_list":{"0":"post-2509","1":"product","2":"type-product","3":"status-publish","4":"has-post-thumbnail","6":"product_cat-programado","8":"first","9":"instock","10":"shipping-taxable","11":"product-type-simple"},"_links":{"self":[{"href":"https:\/\/institutodependencia.edu.es\/pt\/wp-json\/wp\/v2\/product\/2509","targetHints":{"allow":["GET"]}}],"collection":[{"href":"https:\/\/institutodependencia.edu.es\/pt\/wp-json\/wp\/v2\/product"}],"about":[{"href":"https:\/\/institutodependencia.edu.es\/pt\/wp-json\/wp\/v2\/types\/product"}],"replies":[{"embeddable":true,"href":"https:\/\/institutodependencia.edu.es\/pt\/wp-json\/wp\/v2\/comments?post=2509"}],"version-history":[{"count":3,"href":"https:\/\/institutodependencia.edu.es\/pt\/wp-json\/wp\/v2\/product\/2509\/revisions"}],"predecessor-version":[{"id":6015,"href":"https:\/\/institutodependencia.edu.es\/pt\/wp-json\/wp\/v2\/product\/2509\/revisions\/6015"}],"wp:featuredmedia":[{"embeddable":true,"href":"https:\/\/institutodependencia.edu.es\/pt\/wp-json\/wp\/v2\/media\/2687"}],"wp:attachment":[{"href":"https:\/\/institutodependencia.edu.es\/pt\/wp-json\/wp\/v2\/media?parent=2509"}],"wp:term":[{"taxonomy":"product_brand","embeddable":true,"href":"https:\/\/institutodependencia.edu.es\/pt\/wp-json\/wp\/v2\/product_brand?post=2509"},{"taxonomy":"product_cat","embeddable":true,"href":"https:\/\/institutodependencia.edu.es\/pt\/wp-json\/wp\/v2\/product_cat?post=2509"},{"taxonomy":"product_tag","embeddable":true,"href":"https:\/\/institutodependencia.edu.es\/pt\/wp-json\/wp\/v2\/product_tag?post=2509"}],"curies":[{"name":"wp","href":"https:\/\/api.w.org\/{rel}","templated":true}]}}