{"id":2508,"date":"2024-04-09T18:59:02","date_gmt":"2024-04-09T18:59:02","guid":{"rendered":"https:\/\/institutodependencia.edu.es\/product\/tecnico-superior-en-integracion-social\/"},"modified":"2025-05-26T11:45:43","modified_gmt":"2025-05-26T11:45:43","slug":"tecnico-superior-en-integracion-social","status":"publish","type":"product","link":"https:\/\/institutodependencia.edu.es\/pt\/product\/tecnico-superior-en-integracion-social\/","title":{"rendered":"T\u00e9cnico Superior em Integra\u00e7\u00e3o Social"},"content":{"rendered":"<p>Forma\u00e7\u00e3o profissional Grau Superior: T\u00e9cnico superior em integra\u00e7\u00e3o social. Especialidade em desenhar itiner\u00e1rios para a inser\u00e7\u00e3o s\u00f3cio-laboral de pessoas com defici\u00eancia<\/p>\n<p>O CESUR oferece a possibilidade de realizar seu PF em diversas modalidades.<\/p>\n<p>As modalidades BASIC, STANDARD ou PREMIUM incorporam diversos recursos \u00e0 disposi\u00e7\u00e3o dos alunos.<\/p>\n<p>A op\u00e7\u00e3o de incorporar ao projeto de forma\u00e7\u00e3o um maior n\u00famero de casos pr\u00e1ticos, videoconfer\u00eancias, tutorias personalizadas e participa\u00e7\u00e3o em f\u00f3runs ser\u00e1 adicionada dependendo da op\u00e7\u00e3o de estudo escolhida.<\/p>\n<p>Pergunte-nos os pre\u00e7os de cada um deles.<\/p>\n<p>Forma\u00e7\u00e3o Profissional \u00e0 sua medida.<\/p>","protected":false},"excerpt":{"rendered":"<p>Atrav\u00e9s desta forma\u00e7\u00e3o poder\u00e1 obter o t\u00edtulo oficial de Licenciatura Superior em Integra\u00e7\u00e3o Social, ou TSIS, bem como optar por tarefas como programar atividades de assist\u00eancia social, conceber e implementar a\u00e7\u00f5es de preven\u00e7\u00e3o da viol\u00eancia dom\u00e9stica, realizar atividades de assist\u00eancia a Necessidades f\u00edsicas.<\/p>","protected":false},"featured_media":5072,"comment_status":"open","ping_status":"closed","template":"","meta":{"_jf_limit_responses":"","codigo-producto":"CES002","costo-gestion":""},"product_brand":[],"product_cat":[33],"product_tag":[],"class_list":{"0":"post-2508","1":"product","2":"type-product","3":"status-publish","4":"has-post-thumbnail","6":"product_cat-programado","8":"first","9":"instock","10":"virtual","11":"product-type-simple"},"_links":{"self":[{"href":"https:\/\/institutodependencia.edu.es\/pt\/wp-json\/wp\/v2\/product\/2508","targetHints":{"allow":["GET"]}}],"collection":[{"href":"https:\/\/institutodependencia.edu.es\/pt\/wp-json\/wp\/v2\/product"}],"about":[{"href":"https:\/\/institutodependencia.edu.es\/pt\/wp-json\/wp\/v2\/types\/product"}],"replies":[{"embeddable":true,"href":"https:\/\/institutodependencia.edu.es\/pt\/wp-json\/wp\/v2\/comments?post=2508"}],"version-history":[{"count":3,"href":"https:\/\/institutodependencia.edu.es\/pt\/wp-json\/wp\/v2\/product\/2508\/revisions"}],"predecessor-version":[{"id":6014,"href":"https:\/\/institutodependencia.edu.es\/pt\/wp-json\/wp\/v2\/product\/2508\/revisions\/6014"}],"wp:featuredmedia":[{"embeddable":true,"href":"https:\/\/institutodependencia.edu.es\/pt\/wp-json\/wp\/v2\/media\/5072"}],"wp:attachment":[{"href":"https:\/\/institutodependencia.edu.es\/pt\/wp-json\/wp\/v2\/media?parent=2508"}],"wp:term":[{"taxonomy":"product_brand","embeddable":true,"href":"https:\/\/institutodependencia.edu.es\/pt\/wp-json\/wp\/v2\/product_brand?post=2508"},{"taxonomy":"product_cat","embeddable":true,"href":"https:\/\/institutodependencia.edu.es\/pt\/wp-json\/wp\/v2\/product_cat?post=2508"},{"taxonomy":"product_tag","embeddable":true,"href":"https:\/\/institutodependencia.edu.es\/pt\/wp-json\/wp\/v2\/product_tag?post=2508"}],"curies":[{"name":"wp","href":"https:\/\/api.w.org\/{rel}","templated":true}]}}