{"id":2503,"date":"2024-04-09T18:59:01","date_gmt":"2024-04-09T18:59:01","guid":{"rendered":"https:\/\/institutodependencia.edu.es\/product\/la-soledad-no-deseada-de-las-personas-mayores-retos-de-futuro-y-buenas-practicas\/"},"modified":"2025-03-18T10:23:57","modified_gmt":"2025-03-18T10:23:57","slug":"la-soledad-no-deseada-de-las-personas-mayores-retos-de-futuro-y-buenas-practicas","status":"publish","type":"product","link":"https:\/\/institutodependencia.edu.es\/pt\/product\/la-soledad-no-deseada-de-las-personas-mayores-retos-de-futuro-y-buenas-practicas\/","title":{"rendered":"Solid\u00e3o indesejada dos idosos: desafios futuros e boas pr\u00e1ticas"},"content":{"rendered":"","protected":false},"excerpt":{"rendered":"<p>Com este curso voc\u00ea obter\u00e1 compreens\u00e3o detalhada e habilidades pr\u00e1ticas para identificar e lidar com a solid\u00e3o indesejada em pessoas idosas. Explora defini\u00e7\u00f5es, tipos, gatilhos e consequ\u00eancias, bem como diversas interven\u00e7\u00f5es comunit\u00e1rias e institucionais, tanto terap\u00eauticas como n\u00e3o terap\u00eauticas.<\/p>","protected":false},"featured_media":2645,"comment_status":"open","ping_status":"closed","template":"","meta":{"_jf_limit_responses":"","codigo-producto":"2268-A","costo-gestion":"7.86"},"product_brand":[],"product_cat":[33],"product_tag":[],"class_list":{"0":"post-2503","1":"product","2":"type-product","3":"status-publish","4":"has-post-thumbnail","6":"product_cat-programado","8":"first","9":"instock","10":"virtual","11":"purchasable","12":"product-type-simple"},"_links":{"self":[{"href":"https:\/\/institutodependencia.edu.es\/pt\/wp-json\/wp\/v2\/product\/2503","targetHints":{"allow":["GET"]}}],"collection":[{"href":"https:\/\/institutodependencia.edu.es\/pt\/wp-json\/wp\/v2\/product"}],"about":[{"href":"https:\/\/institutodependencia.edu.es\/pt\/wp-json\/wp\/v2\/types\/product"}],"replies":[{"embeddable":true,"href":"https:\/\/institutodependencia.edu.es\/pt\/wp-json\/wp\/v2\/comments?post=2503"}],"version-history":[{"count":2,"href":"https:\/\/institutodependencia.edu.es\/pt\/wp-json\/wp\/v2\/product\/2503\/revisions"}],"predecessor-version":[{"id":5214,"href":"https:\/\/institutodependencia.edu.es\/pt\/wp-json\/wp\/v2\/product\/2503\/revisions\/5214"}],"wp:featuredmedia":[{"embeddable":true,"href":"https:\/\/institutodependencia.edu.es\/pt\/wp-json\/wp\/v2\/media\/2645"}],"wp:attachment":[{"href":"https:\/\/institutodependencia.edu.es\/pt\/wp-json\/wp\/v2\/media?parent=2503"}],"wp:term":[{"taxonomy":"product_brand","embeddable":true,"href":"https:\/\/institutodependencia.edu.es\/pt\/wp-json\/wp\/v2\/product_brand?post=2503"},{"taxonomy":"product_cat","embeddable":true,"href":"https:\/\/institutodependencia.edu.es\/pt\/wp-json\/wp\/v2\/product_cat?post=2503"},{"taxonomy":"product_tag","embeddable":true,"href":"https:\/\/institutodependencia.edu.es\/pt\/wp-json\/wp\/v2\/product_tag?post=2503"}],"curies":[{"name":"wp","href":"https:\/\/api.w.org\/{rel}","templated":true}]}}