{"id":2499,"date":"2024-04-09T18:59:00","date_gmt":"2024-04-09T18:59:00","guid":{"rendered":"https:\/\/institutodependencia.edu.es\/product\/itinerario-medidas-alternativas-a-las-sujeciones-parte-2\/"},"modified":"2024-07-31T10:14:43","modified_gmt":"2024-07-31T10:14:43","slug":"itinerario-medidas-alternativas-a-las-sujeciones-parte-2","status":"publish","type":"product","link":"https:\/\/institutodependencia.edu.es\/pt\/product\/itinerario-medidas-alternativas-a-las-sujeciones-parte-2\/","title":{"rendered":"Itiner\u00e1rio de medidas alternativas \u00e0s restri\u00e7\u00f5es | Parte 2"},"content":{"rendered":"","protected":false},"excerpt":{"rendered":"<p>Juntamente com o itiner\u00e1rio da parte 1, ambos os cursos respondem \u00e0 forma\u00e7\u00e3o em medidas alternativas \u00e0 conten\u00e7\u00e3o, de 30 por ano, exigida pelo Acordo Quadro para todo o pessoal de cuidados diretos dos centros que disp\u00f5em de vagas no CAM.<\/p>","protected":false},"featured_media":2661,"comment_status":"open","ping_status":"closed","template":"","meta":{"_jf_limit_responses":"","codigo-producto":"2065-AK","costo-gestion":"13.61"},"product_brand":[],"product_cat":[33],"product_tag":[],"class_list":{"0":"post-2499","1":"product","2":"type-product","3":"status-publish","4":"has-post-thumbnail","6":"product_cat-programado","8":"first","9":"instock","10":"virtual","11":"purchasable","12":"product-type-simple"},"_links":{"self":[{"href":"https:\/\/institutodependencia.edu.es\/pt\/wp-json\/wp\/v2\/product\/2499","targetHints":{"allow":["GET"]}}],"collection":[{"href":"https:\/\/institutodependencia.edu.es\/pt\/wp-json\/wp\/v2\/product"}],"about":[{"href":"https:\/\/institutodependencia.edu.es\/pt\/wp-json\/wp\/v2\/types\/product"}],"replies":[{"embeddable":true,"href":"https:\/\/institutodependencia.edu.es\/pt\/wp-json\/wp\/v2\/comments?post=2499"}],"version-history":[{"count":2,"href":"https:\/\/institutodependencia.edu.es\/pt\/wp-json\/wp\/v2\/product\/2499\/revisions"}],"predecessor-version":[{"id":5219,"href":"https:\/\/institutodependencia.edu.es\/pt\/wp-json\/wp\/v2\/product\/2499\/revisions\/5219"}],"wp:featuredmedia":[{"embeddable":true,"href":"https:\/\/institutodependencia.edu.es\/pt\/wp-json\/wp\/v2\/media\/2661"}],"wp:attachment":[{"href":"https:\/\/institutodependencia.edu.es\/pt\/wp-json\/wp\/v2\/media?parent=2499"}],"wp:term":[{"taxonomy":"product_brand","embeddable":true,"href":"https:\/\/institutodependencia.edu.es\/pt\/wp-json\/wp\/v2\/product_brand?post=2499"},{"taxonomy":"product_cat","embeddable":true,"href":"https:\/\/institutodependencia.edu.es\/pt\/wp-json\/wp\/v2\/product_cat?post=2499"},{"taxonomy":"product_tag","embeddable":true,"href":"https:\/\/institutodependencia.edu.es\/pt\/wp-json\/wp\/v2\/product_tag?post=2499"}],"curies":[{"name":"wp","href":"https:\/\/api.w.org\/{rel}","templated":true}]}}