{"id":2496,"date":"2024-04-09T18:58:59","date_gmt":"2024-04-09T18:58:59","guid":{"rendered":"https:\/\/institutodependencia.edu.es\/product\/prevencion-de-agresiones-involuntarias\/"},"modified":"2025-08-20T10:06:09","modified_gmt":"2025-08-20T10:06:09","slug":"prevencion-de-agresiones-involuntarias","status":"publish","type":"product","link":"https:\/\/institutodependencia.edu.es\/pt\/product\/prevencion-de-agresiones-involuntarias\/","title":{"rendered":"Preven\u00e7\u00e3o de ataques involunt\u00e1rios"},"content":{"rendered":"<p>Atrav\u00e9s deste curso voc\u00ea ganhar\u00e1 ferramentas cruciais ao focar nas atitudes terap\u00eauticas, cultivar a consci\u00eancia e refletir sobre experi\u00eancias positivas e no relacionamento terap\u00eautico. Voc\u00ea se aprofundar\u00e1 em defini\u00e7\u00f5es e pr\u00f3dromos, aprendendo a identificar sinais que podem prevenir ataques involunt\u00e1rios.<\/p>\n<p>Voc\u00ea explorar\u00e1 t\u00e9cnicas, atitudes positivas e negativas, bem como m\u00e9todos para resolver verbalmente situa\u00e7\u00f5es de conflito. Voc\u00ea aprender\u00e1 estrat\u00e9gias de conten\u00e7\u00e3o e seguran\u00e7a, desde o manuseio de produtos qu\u00edmicos at\u00e9 medidas f\u00edsicas e mec\u00e2nicas, garantindo a seguran\u00e7a do usu\u00e1rio, do profissional e do meio ambiente.<\/p>\n<p>Este curso fornecer\u00e1 a voc\u00ea as habilidades e conhecimentos necess\u00e1rios para prevenir e gerenciar agress\u00f5es n\u00e3o intencionais de maneira \u00e9tica e eficaz. Junte-se a n\u00f3s e adquira as compet\u00eancias essenciais para um cuidado seguro e centrado na pessoa!<\/p>","protected":false},"excerpt":{"rendered":"<p>\u00a1Bienvenido al curso de \u00abPrevenci\u00f3n de Agresiones Involuntarias\u00bb! Este curso te sumergir\u00e1 en un enfoque integral para gestionar situaciones de agresi\u00f3n de manera efectiva y centrada en la persona vulnerable. Explorar\u00e1s el marco de atenci\u00f3n y comprender\u00e1s la importancia de reconocer y abordar la vulnerabilidad de los individuos.<\/p>","protected":false},"featured_media":2670,"comment_status":"open","ping_status":"closed","template":"","meta":{"_jf_limit_responses":"","codigo-producto":"2068-A","costo-gestion":"12.71"},"product_brand":[],"product_cat":[33],"product_tag":[],"class_list":{"0":"post-2496","1":"product","2":"type-product","3":"status-publish","4":"has-post-thumbnail","6":"product_cat-programado","8":"first","9":"instock","10":"virtual","11":"purchasable","12":"product-type-simple"},"_links":{"self":[{"href":"https:\/\/institutodependencia.edu.es\/pt\/wp-json\/wp\/v2\/product\/2496","targetHints":{"allow":["GET"]}}],"collection":[{"href":"https:\/\/institutodependencia.edu.es\/pt\/wp-json\/wp\/v2\/product"}],"about":[{"href":"https:\/\/institutodependencia.edu.es\/pt\/wp-json\/wp\/v2\/types\/product"}],"replies":[{"embeddable":true,"href":"https:\/\/institutodependencia.edu.es\/pt\/wp-json\/wp\/v2\/comments?post=2496"}],"version-history":[{"count":4,"href":"https:\/\/institutodependencia.edu.es\/pt\/wp-json\/wp\/v2\/product\/2496\/revisions"}],"predecessor-version":[{"id":7167,"href":"https:\/\/institutodependencia.edu.es\/pt\/wp-json\/wp\/v2\/product\/2496\/revisions\/7167"}],"wp:featuredmedia":[{"embeddable":true,"href":"https:\/\/institutodependencia.edu.es\/pt\/wp-json\/wp\/v2\/media\/2670"}],"wp:attachment":[{"href":"https:\/\/institutodependencia.edu.es\/pt\/wp-json\/wp\/v2\/media?parent=2496"}],"wp:term":[{"taxonomy":"product_brand","embeddable":true,"href":"https:\/\/institutodependencia.edu.es\/pt\/wp-json\/wp\/v2\/product_brand?post=2496"},{"taxonomy":"product_cat","embeddable":true,"href":"https:\/\/institutodependencia.edu.es\/pt\/wp-json\/wp\/v2\/product_cat?post=2496"},{"taxonomy":"product_tag","embeddable":true,"href":"https:\/\/institutodependencia.edu.es\/pt\/wp-json\/wp\/v2\/product_tag?post=2496"}],"curies":[{"name":"wp","href":"https:\/\/api.w.org\/{rel}","templated":true}]}}