{"id":2494,"date":"2024-04-09T18:58:59","date_gmt":"2024-04-09T18:58:59","guid":{"rendered":"https:\/\/institutodependencia.edu.es\/product\/movilizacion-de-personas\/"},"modified":"2024-05-27T15:00:08","modified_gmt":"2024-05-27T15:00:08","slug":"movilizacion-de-personas","status":"publish","type":"product","link":"https:\/\/institutodependencia.edu.es\/pt\/product\/movilizacion-de-personas\/","title":{"rendered":"Mobiliza\u00e7\u00e3o de pessoas"},"content":{"rendered":"<p>Ao longo do curso voc\u00ea mergulhar\u00e1 na introdu\u00e7\u00e3o \u00e0 mobiliza\u00e7\u00e3o de pessoas dependentes, identificando les\u00f5es musculoesquel\u00e9ticas, compreendendo os riscos associados e assimilando os princ\u00edpios da biomec\u00e2nica. Este conhecimento t\u00e9cnico \u00e9 essencial para uma aplica\u00e7\u00e3o correta e segura.<\/p>\n<p>Este curso centra-se nas t\u00e9cnicas de mobiliza\u00e7\u00e3o, onde ir\u00e1 adquirir compet\u00eancias t\u00e9cnicas tanto em mobiliza\u00e7\u00f5es manuais como com ajudas t\u00e9cnicas. Atrav\u00e9s de exerc\u00edcios pr\u00e1ticos, voc\u00ea vivenciar\u00e1 as mobiliza\u00e7\u00f5es na perspectiva do residente, refor\u00e7ando a empatia e lembrando que cada mobiliza\u00e7\u00e3o \u00e9 parte integrante do cuidado prestado.<\/p>\n<p>Participe do nosso curso e torne-se um cuidador especialista, capaz de prestar uma assist\u00eancia de qualidade com seguran\u00e7a, empatia e respeito!<\/p>","protected":false},"excerpt":{"rendered":"<p>Descubra a chave para prestar cuidados de qualidade! Este curso tem como foco a seguran\u00e7a e o bem-estar dos residentes em situa\u00e7\u00e3o de depend\u00eancia, capacitando os participantes para realizarem mobiliza\u00e7\u00f5es com seguran\u00e7a e efic\u00e1cia. Abordamos a import\u00e2ncia da empatia e do respeito, elevando a qualidade do atendimento.<\/p>","protected":false},"featured_media":2656,"comment_status":"open","ping_status":"closed","template":"","meta":{"_jf_limit_responses":"","codigo-producto":"2033-B","costo-gestion":"3.63"},"product_brand":[],"product_cat":[33],"product_tag":[],"class_list":{"0":"post-2494","1":"product","2":"type-product","3":"status-publish","4":"has-post-thumbnail","6":"product_cat-programado","8":"first","9":"instock","10":"virtual","11":"purchasable","12":"product-type-simple"},"_links":{"self":[{"href":"https:\/\/institutodependencia.edu.es\/pt\/wp-json\/wp\/v2\/product\/2494","targetHints":{"allow":["GET"]}}],"collection":[{"href":"https:\/\/institutodependencia.edu.es\/pt\/wp-json\/wp\/v2\/product"}],"about":[{"href":"https:\/\/institutodependencia.edu.es\/pt\/wp-json\/wp\/v2\/types\/product"}],"replies":[{"embeddable":true,"href":"https:\/\/institutodependencia.edu.es\/pt\/wp-json\/wp\/v2\/comments?post=2494"}],"version-history":[{"count":3,"href":"https:\/\/institutodependencia.edu.es\/pt\/wp-json\/wp\/v2\/product\/2494\/revisions"}],"predecessor-version":[{"id":6028,"href":"https:\/\/institutodependencia.edu.es\/pt\/wp-json\/wp\/v2\/product\/2494\/revisions\/6028"}],"wp:featuredmedia":[{"embeddable":true,"href":"https:\/\/institutodependencia.edu.es\/pt\/wp-json\/wp\/v2\/media\/2656"}],"wp:attachment":[{"href":"https:\/\/institutodependencia.edu.es\/pt\/wp-json\/wp\/v2\/media?parent=2494"}],"wp:term":[{"taxonomy":"product_brand","embeddable":true,"href":"https:\/\/institutodependencia.edu.es\/pt\/wp-json\/wp\/v2\/product_brand?post=2494"},{"taxonomy":"product_cat","embeddable":true,"href":"https:\/\/institutodependencia.edu.es\/pt\/wp-json\/wp\/v2\/product_cat?post=2494"},{"taxonomy":"product_tag","embeddable":true,"href":"https:\/\/institutodependencia.edu.es\/pt\/wp-json\/wp\/v2\/product_tag?post=2494"}],"curies":[{"name":"wp","href":"https:\/\/api.w.org\/{rel}","templated":true}]}}