{"id":2489,"date":"2024-04-09T18:58:58","date_gmt":"2024-04-09T18:58:58","guid":{"rendered":"https:\/\/institutodependencia.edu.es\/product\/deteccion-precoz-de-demencias\/"},"modified":"2024-05-27T13:05:53","modified_gmt":"2024-05-27T13:05:53","slug":"deteccion-precoz-de-demencias","status":"publish","type":"product","link":"https:\/\/institutodependencia.edu.es\/pt\/product\/deteccion-precoz-de-demencias\/","title":{"rendered":"Detec\u00e7\u00e3o precoce da dem\u00eancia"},"content":{"rendered":"","protected":false},"excerpt":{"rendered":"<p>As dem\u00eancias representam um grave problema m\u00e9dico devido \u00e0 sua frequ\u00eancia crescente face ao envelhecimento progressivo da popula\u00e7\u00e3o. Embora se concentrem no comprometimento cognitivo, os sintomas psicopatol\u00f3gicos podem ser cruciais. As equipes de sa\u00fade desempenham um papel fundamental, necessitando de capacita\u00e7\u00e3o para detec\u00e7\u00e3o de dem\u00eancia e diagn\u00f3stico precoce.<\/p>","protected":false},"featured_media":2681,"comment_status":"open","ping_status":"closed","template":"","meta":{"_jf_limit_responses":"","codigo-producto":"2180-A","costo-gestion":"13.61"},"product_brand":[],"product_cat":[33],"product_tag":[],"class_list":{"0":"post-2489","1":"product","2":"type-product","3":"status-publish","4":"has-post-thumbnail","6":"product_cat-programado","8":"first","9":"instock","10":"shipping-taxable","11":"purchasable","12":"product-type-simple"},"_links":{"self":[{"href":"https:\/\/institutodependencia.edu.es\/pt\/wp-json\/wp\/v2\/product\/2489","targetHints":{"allow":["GET"]}}],"collection":[{"href":"https:\/\/institutodependencia.edu.es\/pt\/wp-json\/wp\/v2\/product"}],"about":[{"href":"https:\/\/institutodependencia.edu.es\/pt\/wp-json\/wp\/v2\/types\/product"}],"replies":[{"embeddable":true,"href":"https:\/\/institutodependencia.edu.es\/pt\/wp-json\/wp\/v2\/comments?post=2489"}],"version-history":[{"count":3,"href":"https:\/\/institutodependencia.edu.es\/pt\/wp-json\/wp\/v2\/product\/2489\/revisions"}],"predecessor-version":[{"id":6072,"href":"https:\/\/institutodependencia.edu.es\/pt\/wp-json\/wp\/v2\/product\/2489\/revisions\/6072"}],"wp:featuredmedia":[{"embeddable":true,"href":"https:\/\/institutodependencia.edu.es\/pt\/wp-json\/wp\/v2\/media\/2681"}],"wp:attachment":[{"href":"https:\/\/institutodependencia.edu.es\/pt\/wp-json\/wp\/v2\/media?parent=2489"}],"wp:term":[{"taxonomy":"product_brand","embeddable":true,"href":"https:\/\/institutodependencia.edu.es\/pt\/wp-json\/wp\/v2\/product_brand?post=2489"},{"taxonomy":"product_cat","embeddable":true,"href":"https:\/\/institutodependencia.edu.es\/pt\/wp-json\/wp\/v2\/product_cat?post=2489"},{"taxonomy":"product_tag","embeddable":true,"href":"https:\/\/institutodependencia.edu.es\/pt\/wp-json\/wp\/v2\/product_tag?post=2489"}],"curies":[{"name":"wp","href":"https:\/\/api.w.org\/{rel}","templated":true}]}}