{"id":7150,"date":"2025-03-19T08:28:19","date_gmt":"2025-03-19T08:28:19","guid":{"rendered":"https:\/\/institutodependencia.edu.es\/?post_type=product&#038;p=7150"},"modified":"2026-02-26T14:15:59","modified_gmt":"2026-02-26T14:15:59","slug":"medidas-para-la-igualdad-real-y-efectiva-y-no-discriminacion-de-las-personas-trans-y-lgtbi","status":"publish","type":"product","link":"http:\/\/institutodependencia.edu.es\/pt_br\/product\/medidas-para-la-igualdad-real-y-efectiva-y-no-discriminacion-de-las-personas-trans-y-lgtbi\/","title":{"rendered":"Medidas para la igualdad real y efectiva y no discriminaci\u00f3n de las personas trans y LGTBI"},"content":{"rendered":"<p>El curso \u00abMedidas para la igualdad real y efectiva y no discriminaci\u00f3n de las personas trans y LGTBI\u00bb est\u00e1 dise\u00f1ado para proporcionar herramientas clave en la aplicaci\u00f3n de la normativa vigente y la implementaci\u00f3n de medidas inclusivas en el \u00e1mbito laboral. A trav\u00e9s de un enfoque pr\u00e1ctico y actualizado, te permitir\u00e1 desarrollar estrategias efectivas para garantizar entornos de trabajo respetuosos con la diversidad sexual, de g\u00e9nero y afectiva.<\/p>","protected":false},"excerpt":{"rendered":"<p>Curso especializado en igualdad y no discriminaci\u00f3n de personas trans y LGTBI en el \u00e1mbito laboral. Adquiere conocimientos clave sobre la normativa vigente y aprende a implementar medidas inclusivas en tu empresa.<\/p>","protected":false},"featured_media":7152,"comment_status":"open","ping_status":"closed","template":"","meta":{"_jf_limit_responses":"","codigo-producto":"2092-I","costo-gestion":"3.15"},"product_brand":[],"product_cat":[15],"product_tag":[],"class_list":{"0":"post-7150","1":"product","2":"type-product","3":"status-publish","4":"has-post-thumbnail","6":"product_cat-uncategorized","8":"first","9":"instock","10":"shipping-taxable","11":"purchasable","12":"product-type-simple"},"_links":{"self":[{"href":"http:\/\/institutodependencia.edu.es\/pt_br\/wp-json\/wp\/v2\/product\/7150","targetHints":{"allow":["GET"]}}],"collection":[{"href":"http:\/\/institutodependencia.edu.es\/pt_br\/wp-json\/wp\/v2\/product"}],"about":[{"href":"http:\/\/institutodependencia.edu.es\/pt_br\/wp-json\/wp\/v2\/types\/product"}],"replies":[{"embeddable":true,"href":"http:\/\/institutodependencia.edu.es\/pt_br\/wp-json\/wp\/v2\/comments?post=7150"}],"version-history":[{"count":2,"href":"http:\/\/institutodependencia.edu.es\/pt_br\/wp-json\/wp\/v2\/product\/7150\/revisions"}],"predecessor-version":[{"id":7153,"href":"http:\/\/institutodependencia.edu.es\/pt_br\/wp-json\/wp\/v2\/product\/7150\/revisions\/7153"}],"wp:featuredmedia":[{"embeddable":true,"href":"http:\/\/institutodependencia.edu.es\/pt_br\/wp-json\/wp\/v2\/media\/7152"}],"wp:attachment":[{"href":"http:\/\/institutodependencia.edu.es\/pt_br\/wp-json\/wp\/v2\/media?parent=7150"}],"wp:term":[{"taxonomy":"product_brand","embeddable":true,"href":"http:\/\/institutodependencia.edu.es\/pt_br\/wp-json\/wp\/v2\/product_brand?post=7150"},{"taxonomy":"product_cat","embeddable":true,"href":"http:\/\/institutodependencia.edu.es\/pt_br\/wp-json\/wp\/v2\/product_cat?post=7150"},{"taxonomy":"product_tag","embeddable":true,"href":"http:\/\/institutodependencia.edu.es\/pt_br\/wp-json\/wp\/v2\/product_tag?post=7150"}],"curies":[{"name":"wp","href":"https:\/\/api.w.org\/{rel}","templated":true}]}}