{"id":2487,"date":"2024-04-09T18:58:57","date_gmt":"2024-04-09T18:58:57","guid":{"rendered":"https:\/\/institutodependencia.edu.es\/product\/brotes-epidemicos\/"},"modified":"2024-05-27T13:01:56","modified_gmt":"2024-05-27T13:01:56","slug":"brotes-epidemicos","status":"publish","type":"product","link":"http:\/\/institutodependencia.edu.es\/pt_br\/product\/brotes-epidemicos\/","title":{"rendered":"Surtos epid\u00eamicos"},"content":{"rendered":"<p>O curso aprofunda no\u00e7\u00f5es b\u00e1sicas sobre surtos epid\u00eamicos, abordando sua origem e objetivos. Centra-se nas medidas preventivas para cada doen\u00e7a, promovendo a compreens\u00e3o da import\u00e2ncia da preven\u00e7\u00e3o e da contribui\u00e7\u00e3o para a seguran\u00e7a sanit\u00e1ria da comunidade.<\/p>","protected":false},"excerpt":{"rendered":"<p>Descubra o mundo da preven\u00e7\u00e3o e controle de doen\u00e7as no curso Surtos Epid\u00eamicos. Explore a sua origem, compreenda as principais medidas preventivas e contribua para a seguran\u00e7a sanit\u00e1ria. Cadastre-se agora e fa\u00e7a parte da mudan\u00e7a!<\/p>","protected":false},"featured_media":2673,"comment_status":"open","ping_status":"closed","template":"","meta":{"_jf_limit_responses":"","codigo-producto":"2175-A","costo-gestion":"3.63"},"product_brand":[],"product_cat":[33],"product_tag":[],"class_list":{"0":"post-2487","1":"product","2":"type-product","3":"status-publish","4":"has-post-thumbnail","6":"product_cat-programado","8":"first","9":"instock","10":"virtual","11":"purchasable","12":"product-type-simple"},"_links":{"self":[{"href":"http:\/\/institutodependencia.edu.es\/pt_br\/wp-json\/wp\/v2\/product\/2487","targetHints":{"allow":["GET"]}}],"collection":[{"href":"http:\/\/institutodependencia.edu.es\/pt_br\/wp-json\/wp\/v2\/product"}],"about":[{"href":"http:\/\/institutodependencia.edu.es\/pt_br\/wp-json\/wp\/v2\/types\/product"}],"replies":[{"embeddable":true,"href":"http:\/\/institutodependencia.edu.es\/pt_br\/wp-json\/wp\/v2\/comments?post=2487"}],"version-history":[{"count":3,"href":"http:\/\/institutodependencia.edu.es\/pt_br\/wp-json\/wp\/v2\/product\/2487\/revisions"}],"predecessor-version":[{"id":6033,"href":"http:\/\/institutodependencia.edu.es\/pt_br\/wp-json\/wp\/v2\/product\/2487\/revisions\/6033"}],"wp:featuredmedia":[{"embeddable":true,"href":"http:\/\/institutodependencia.edu.es\/pt_br\/wp-json\/wp\/v2\/media\/2673"}],"wp:attachment":[{"href":"http:\/\/institutodependencia.edu.es\/pt_br\/wp-json\/wp\/v2\/media?parent=2487"}],"wp:term":[{"taxonomy":"product_brand","embeddable":true,"href":"http:\/\/institutodependencia.edu.es\/pt_br\/wp-json\/wp\/v2\/product_brand?post=2487"},{"taxonomy":"product_cat","embeddable":true,"href":"http:\/\/institutodependencia.edu.es\/pt_br\/wp-json\/wp\/v2\/product_cat?post=2487"},{"taxonomy":"product_tag","embeddable":true,"href":"http:\/\/institutodependencia.edu.es\/pt_br\/wp-json\/wp\/v2\/product_tag?post=2487"}],"curies":[{"name":"wp","href":"https:\/\/api.w.org\/{rel}","templated":true}]}}